
{"id":1219,"date":"2016-02-06T09:56:47","date_gmt":"2016-02-06T09:56:47","guid":{"rendered":"http:\/\/cizaro.development.kharkov.ua\/beauty-and-hair-salon-pos-system\/?lang=es"},"modified":"2019-04-03T09:19:21","modified_gmt":"2019-04-03T14:19:21","slug":"beauty-and-hair-salon-pos-system","status":"publish","type":"page","link":"https:\/\/cizaro.com\/es\/pos-for-retail\/beauty-and-hair-salon-pos-system\/","title":{"rendered":"POS (PDV) para salones de Belleza y Peluquer\u00edas"},"content":{"rendered":"<p>Cada salon tiene una historia diferente y enfrenta problemas distintos.<br \/>\nEl sistema POS (PDV) para peluquer\u00edas de Cizaro fue especialmente dise\u00f1ado para atender sus necesidades particulares. Elegir como desea utilizar el software nunca fue tan f\u00e1cil.<\/p>\n<p><\/p>","protected":false},"excerpt":{"rendered":"<p>Cada salon tiene una historia diferente y enfrenta problemas distintos. El sistema POS (PDV) para peluquer\u00edas de Cizaro fue especialmente dise\u00f1ado para atender sus necesidades particulares. Elegir como desea utilizar el software nunca fue tan f\u00e1cil.<\/p>\n","protected":false},"author":444,"featured_media":0,"parent":1613,"menu_order":0,"comment_status":"closed","ping_status":"closed","template":"page-beauty-and-hair.php","meta":{"_acf_changed":false,"footnotes":""},"acf":[],"yoast_head":"<!-- This site is optimized with the Yoast SEO plugin v22.9 - https:\/\/yoast.com\/wordpress\/plugins\/seo\/ -->\n<title>Software Para Salones De Belleza Y Est\u00e9ticas | Cizaro<\/title>\n<meta name=\"description\" content=\"Obt\u00e9n Mayor Control Sobre Tu Salon De Belleza Con Nuestro Software. Maneje Inventarios, Aumente Sus Ventas Y M\u00e1s. Pruebalo 28 D\u00edas Gratis Hoy!\" \/>\n<meta name=\"robots\" content=\"index, follow, max-snippet:-1, max-image-preview:large, max-video-preview:-1\" \/>\n<link rel=\"canonical\" href=\"https:\/\/cizaro.com\/es\/pos-for-retail\/beauty-and-hair-salon-pos-system\/\" \/>\n<script type=\"application\/ld+json\" class=\"yoast-schema-graph\">{\"@context\":\"https:\/\/schema.org\",\"@graph\":[{\"@type\":\"WebPage\",\"@id\":\"https:\/\/cizaro.com\/es\/pos-for-retail\/beauty-and-hair-salon-pos-system\/\",\"url\":\"https:\/\/cizaro.com\/es\/pos-for-retail\/beauty-and-hair-salon-pos-system\/\",\"name\":\"Software Para Salones De Belleza Y Est\u00e9ticas | Cizaro\",\"isPartOf\":{\"@id\":\"https:\/\/cizaro.com\/#website\"},\"datePublished\":\"2016-02-06T09:56:47+00:00\",\"dateModified\":\"2019-04-03T14:19:21+00:00\",\"description\":\"Obt\u00e9n Mayor Control Sobre Tu Salon De Belleza Con Nuestro Software. Maneje Inventarios, Aumente Sus Ventas Y M\u00e1s. Pruebalo 28 D\u00edas Gratis Hoy!\",\"breadcrumb\":{\"@id\":\"https:\/\/cizaro.com\/es\/pos-for-retail\/beauty-and-hair-salon-pos-system\/#breadcrumb\"},\"inLanguage\":\"es-ES\",\"potentialAction\":[{\"@type\":\"ReadAction\",\"target\":[\"https:\/\/cizaro.com\/es\/pos-for-retail\/beauty-and-hair-salon-pos-system\/\"]}]},{\"@type\":\"BreadcrumbList\",\"@id\":\"https:\/\/cizaro.com\/es\/pos-for-retail\/beauty-and-hair-salon-pos-system\/#breadcrumb\",\"itemListElement\":[{\"@type\":\"ListItem\",\"position\":1,\"name\":\"Home\",\"item\":\"https:\/\/cizaro.com\/es\/\"},{\"@type\":\"ListItem\",\"position\":2,\"name\":\"Punto de Venta Comercios\",\"item\":\"https:\/\/cizaro.com\/es\/pos-for-retail\/\"},{\"@type\":\"ListItem\",\"position\":3,\"name\":\"POS (PDV) para salones de Belleza y Peluquer\u00edas\"}]},{\"@type\":\"WebSite\",\"@id\":\"https:\/\/cizaro.com\/#website\",\"url\":\"https:\/\/cizaro.com\/\",\"name\":\"Cizaro Point of Sale Software: POS Software for Retail and Restaurant\",\"description\":\"Cizaro Company home page, professional POS solutions to boost business incomes\",\"potentialAction\":[{\"@type\":\"SearchAction\",\"target\":{\"@type\":\"EntryPoint\",\"urlTemplate\":\"https:\/\/cizaro.com\/?s={search_term_string}\"},\"query-input\":\"required name=search_term_string\"}],\"inLanguage\":\"es-ES\"}]}<\/script>\n<!-- \/ Yoast SEO plugin. -->","yoast_head_json":{"title":"Software Para Salones De Belleza Y Est\u00e9ticas | Cizaro","description":"Obt\u00e9n Mayor Control Sobre Tu Salon De Belleza Con Nuestro Software. Maneje Inventarios, Aumente Sus Ventas Y M\u00e1s. Pruebalo 28 D\u00edas Gratis Hoy!","robots":{"index":"index","follow":"follow","max-snippet":"max-snippet:-1","max-image-preview":"max-image-preview:large","max-video-preview":"max-video-preview:-1"},"canonical":"https:\/\/cizaro.com\/es\/pos-for-retail\/beauty-and-hair-salon-pos-system\/","schema":{"@context":"https:\/\/schema.org","@graph":[{"@type":"WebPage","@id":"https:\/\/cizaro.com\/es\/pos-for-retail\/beauty-and-hair-salon-pos-system\/","url":"https:\/\/cizaro.com\/es\/pos-for-retail\/beauty-and-hair-salon-pos-system\/","name":"Software Para Salones De Belleza Y Est\u00e9ticas | Cizaro","isPartOf":{"@id":"https:\/\/cizaro.com\/#website"},"datePublished":"2016-02-06T09:56:47+00:00","dateModified":"2019-04-03T14:19:21+00:00","description":"Obt\u00e9n Mayor Control Sobre Tu Salon De Belleza Con Nuestro Software. Maneje Inventarios, Aumente Sus Ventas Y M\u00e1s. Pruebalo 28 D\u00edas Gratis Hoy!","breadcrumb":{"@id":"https:\/\/cizaro.com\/es\/pos-for-retail\/beauty-and-hair-salon-pos-system\/#breadcrumb"},"inLanguage":"es-ES","potentialAction":[{"@type":"ReadAction","target":["https:\/\/cizaro.com\/es\/pos-for-retail\/beauty-and-hair-salon-pos-system\/"]}]},{"@type":"BreadcrumbList","@id":"https:\/\/cizaro.com\/es\/pos-for-retail\/beauty-and-hair-salon-pos-system\/#breadcrumb","itemListElement":[{"@type":"ListItem","position":1,"name":"Home","item":"https:\/\/cizaro.com\/es\/"},{"@type":"ListItem","position":2,"name":"Punto de Venta Comercios","item":"https:\/\/cizaro.com\/es\/pos-for-retail\/"},{"@type":"ListItem","position":3,"name":"POS (PDV) para salones de Belleza y Peluquer\u00edas"}]},{"@type":"WebSite","@id":"https:\/\/cizaro.com\/#website","url":"https:\/\/cizaro.com\/","name":"Cizaro Point of Sale Software: POS Software for Retail and Restaurant","description":"Cizaro Company home page, professional POS solutions to boost business incomes","potentialAction":[{"@type":"SearchAction","target":{"@type":"EntryPoint","urlTemplate":"https:\/\/cizaro.com\/?s={search_term_string}"},"query-input":"required name=search_term_string"}],"inLanguage":"es-ES"}]}},"_links":{"self":[{"href":"https:\/\/cizaro.com\/es\/wp-json\/wp\/v2\/pages\/1219"}],"collection":[{"href":"https:\/\/cizaro.com\/es\/wp-json\/wp\/v2\/pages"}],"about":[{"href":"https:\/\/cizaro.com\/es\/wp-json\/wp\/v2\/types\/page"}],"author":[{"embeddable":true,"href":"https:\/\/cizaro.com\/es\/wp-json\/wp\/v2\/users\/444"}],"replies":[{"embeddable":true,"href":"https:\/\/cizaro.com\/es\/wp-json\/wp\/v2\/comments?post=1219"}],"version-history":[{"count":0,"href":"https:\/\/cizaro.com\/es\/wp-json\/wp\/v2\/pages\/1219\/revisions"}],"up":[{"embeddable":true,"href":"https:\/\/cizaro.com\/es\/wp-json\/wp\/v2\/pages\/1613"}],"wp:attachment":[{"href":"https:\/\/cizaro.com\/es\/wp-json\/wp\/v2\/media?parent=1219"}],"curies":[{"name":"wp","href":"https:\/\/api.w.org\/{rel}","templated":true}]}}