
{"id":1553,"date":"2016-04-16T20:39:49","date_gmt":"2016-04-16T20:39:49","guid":{"rendered":"http:\/\/cizaro.development.kharkov.ua\/he\/?page_id=1553"},"modified":"2017-02-15T01:21:54","modified_gmt":"2017-02-15T01:21:54","slug":"partners","status":"publish","type":"page","link":"https:\/\/cizaro.com\/es\/partners\/","title":{"rendered":"Sociedad"},"content":{"rendered":"<p>Las soluciones de Punto de Venta Cizaro est\u00e1n configuradas para revolucionar el aspecto del software de punto de venta actual con nuestro din\u00e1mico equipo de distribuci\u00f3n. Siempre estamos a la b\u00fasqueda de profesionales para unirnos en expandir este POS del futuro.<\/p>\n<p>Cont\u00e1ctenos para establecer una cooperaci\u00f3n duradera, revendiendo, generando integraci\u00f3n de hardware, desarrollo con terceros, publicidad y otros campos relacionados con nuestra tecnolog\u00eda de gesti\u00f3n \u00fanica.<\/p>\n<p><\/p>","protected":false},"excerpt":{"rendered":"<p>Las soluciones de Punto de Venta Cizaro est\u00e1n configuradas para revolucionar el aspecto del software de punto de venta actual con nuestro din\u00e1mico equipo de distribuci\u00f3n. Siempre estamos a la b\u00fasqueda de profesionales para unirnos en expandir este POS del futuro. Cont\u00e1ctenos para establecer una cooperaci\u00f3n duradera, revendiendo, generando integraci\u00f3n de hardware, desarrollo con terceros, &hellip; <a href=\"https:\/\/cizaro.com\/es\/partners\/\" class=\"more-link\">Continue reading <span class=\"screen-reader-text\">Sociedad<\/span> <span class=\"meta-nav\">&rarr;<\/span><\/a><\/p>\n","protected":false},"author":444,"featured_media":0,"parent":0,"menu_order":0,"comment_status":"closed","ping_status":"closed","template":"patnerrs.php","meta":{"_acf_changed":false,"footnotes":""},"acf":[],"yoast_head":"<!-- This site is optimized with the Yoast SEO plugin v22.9 - https:\/\/yoast.com\/wordpress\/plugins\/seo\/ -->\n<title>Sociedad - Sistema POS | Cizaro<\/title>\n<meta name=\"description\" content=\"Unete Con Nosotros &amp; Ayudanos A Expandir Nuestro Sistema POS Del Futuro. Buscamos Revendedores, Publicidad, Desarrollo Con Terceros &amp; M\u00e1s. Llamanos Hoy!\" \/>\n<meta name=\"robots\" content=\"index, follow, max-snippet:-1, max-image-preview:large, max-video-preview:-1\" \/>\n<link rel=\"canonical\" href=\"https:\/\/cizaro.com\/es\/partners\/\" \/>\n<script type=\"application\/ld+json\" class=\"yoast-schema-graph\">{\"@context\":\"https:\/\/schema.org\",\"@graph\":[{\"@type\":\"WebPage\",\"@id\":\"https:\/\/cizaro.com\/es\/partners\/\",\"url\":\"https:\/\/cizaro.com\/es\/partners\/\",\"name\":\"Sociedad - Sistema POS | Cizaro\",\"isPartOf\":{\"@id\":\"https:\/\/cizaro.com\/#website\"},\"datePublished\":\"2016-04-16T20:39:49+00:00\",\"dateModified\":\"2017-02-15T01:21:54+00:00\",\"description\":\"Unete Con Nosotros & Ayudanos A Expandir Nuestro Sistema POS Del Futuro. Buscamos Revendedores, Publicidad, Desarrollo Con Terceros & M\u00e1s. Llamanos Hoy!\",\"breadcrumb\":{\"@id\":\"https:\/\/cizaro.com\/es\/partners\/#breadcrumb\"},\"inLanguage\":\"es-ES\",\"potentialAction\":[{\"@type\":\"ReadAction\",\"target\":[\"https:\/\/cizaro.com\/es\/partners\/\"]}]},{\"@type\":\"BreadcrumbList\",\"@id\":\"https:\/\/cizaro.com\/es\/partners\/#breadcrumb\",\"itemListElement\":[{\"@type\":\"ListItem\",\"position\":1,\"name\":\"Home\",\"item\":\"https:\/\/cizaro.com\/es\/\"},{\"@type\":\"ListItem\",\"position\":2,\"name\":\"Sociedad\"}]},{\"@type\":\"WebSite\",\"@id\":\"https:\/\/cizaro.com\/#website\",\"url\":\"https:\/\/cizaro.com\/\",\"name\":\"Cizaro Point of Sale Software: POS Software for Retail and Restaurant\",\"description\":\"Cizaro Company home page, professional POS solutions to boost business incomes\",\"potentialAction\":[{\"@type\":\"SearchAction\",\"target\":{\"@type\":\"EntryPoint\",\"urlTemplate\":\"https:\/\/cizaro.com\/?s={search_term_string}\"},\"query-input\":\"required name=search_term_string\"}],\"inLanguage\":\"es-ES\"}]}<\/script>\n<!-- \/ Yoast SEO plugin. -->","yoast_head_json":{"title":"Sociedad - Sistema POS | Cizaro","description":"Unete Con Nosotros & Ayudanos A Expandir Nuestro Sistema POS Del Futuro. Buscamos Revendedores, Publicidad, Desarrollo Con Terceros & M\u00e1s. Llamanos Hoy!","robots":{"index":"index","follow":"follow","max-snippet":"max-snippet:-1","max-image-preview":"max-image-preview:large","max-video-preview":"max-video-preview:-1"},"canonical":"https:\/\/cizaro.com\/es\/partners\/","schema":{"@context":"https:\/\/schema.org","@graph":[{"@type":"WebPage","@id":"https:\/\/cizaro.com\/es\/partners\/","url":"https:\/\/cizaro.com\/es\/partners\/","name":"Sociedad - Sistema POS | Cizaro","isPartOf":{"@id":"https:\/\/cizaro.com\/#website"},"datePublished":"2016-04-16T20:39:49+00:00","dateModified":"2017-02-15T01:21:54+00:00","description":"Unete Con Nosotros & Ayudanos A Expandir Nuestro Sistema POS Del Futuro. Buscamos Revendedores, Publicidad, Desarrollo Con Terceros & M\u00e1s. Llamanos Hoy!","breadcrumb":{"@id":"https:\/\/cizaro.com\/es\/partners\/#breadcrumb"},"inLanguage":"es-ES","potentialAction":[{"@type":"ReadAction","target":["https:\/\/cizaro.com\/es\/partners\/"]}]},{"@type":"BreadcrumbList","@id":"https:\/\/cizaro.com\/es\/partners\/#breadcrumb","itemListElement":[{"@type":"ListItem","position":1,"name":"Home","item":"https:\/\/cizaro.com\/es\/"},{"@type":"ListItem","position":2,"name":"Sociedad"}]},{"@type":"WebSite","@id":"https:\/\/cizaro.com\/#website","url":"https:\/\/cizaro.com\/","name":"Cizaro Point of Sale Software: POS Software for Retail and Restaurant","description":"Cizaro Company home page, professional POS solutions to boost business incomes","potentialAction":[{"@type":"SearchAction","target":{"@type":"EntryPoint","urlTemplate":"https:\/\/cizaro.com\/?s={search_term_string}"},"query-input":"required name=search_term_string"}],"inLanguage":"es-ES"}]}},"_links":{"self":[{"href":"https:\/\/cizaro.com\/es\/wp-json\/wp\/v2\/pages\/1553"}],"collection":[{"href":"https:\/\/cizaro.com\/es\/wp-json\/wp\/v2\/pages"}],"about":[{"href":"https:\/\/cizaro.com\/es\/wp-json\/wp\/v2\/types\/page"}],"author":[{"embeddable":true,"href":"https:\/\/cizaro.com\/es\/wp-json\/wp\/v2\/users\/444"}],"replies":[{"embeddable":true,"href":"https:\/\/cizaro.com\/es\/wp-json\/wp\/v2\/comments?post=1553"}],"version-history":[{"count":0,"href":"https:\/\/cizaro.com\/es\/wp-json\/wp\/v2\/pages\/1553\/revisions"}],"wp:attachment":[{"href":"https:\/\/cizaro.com\/es\/wp-json\/wp\/v2\/media?parent=1553"}],"curies":[{"name":"wp","href":"https:\/\/api.w.org\/{rel}","templated":true}]}}