
{"id":1558,"date":"2016-04-16T20:49:52","date_gmt":"2016-04-16T20:49:52","guid":{"rendered":"http:\/\/cizaro.development.kharkov.ua\/es\/?page_id=1558"},"modified":"2018-07-27T12:14:44","modified_gmt":"2018-07-27T12:14:44","slug":"about","status":"publish","type":"page","link":"https:\/\/cizaro.com\/es\/home\/about\/","title":{"rendered":"Acerca de nosotros"},"content":{"rendered":"<p>Cizaro planificaci\u00f3n de recursos empresariales y Punto De Venta es el sistema de gesti\u00f3n m\u00e1s avanzado mostrando una completa soluci\u00f3n de ERP y punto electr\u00f3nico de venta (ePOS) que se ajusta a las necesidades de su negocio. Hemos desarrollado la tecnolog\u00eda todo-en-uno m\u00e1s innovadora, capaz de incrementar sus beneficios y estimular su expansion al permitirle un control absoluto de su negocio.<\/p>\n<p><\/p>","protected":false},"excerpt":{"rendered":"<p>Cizaro planificaci\u00f3n de recursos empresariales y Punto De Venta es el sistema de gesti\u00f3n m\u00e1s avanzado mostrando una completa soluci\u00f3n de ERP y punto electr\u00f3nico de venta (ePOS) que se ajusta a las necesidades de su negocio. Hemos desarrollado la tecnolog\u00eda todo-en-uno m\u00e1s innovadora, capaz de incrementar sus beneficios y estimular su expansion al permitirle &hellip; <a href=\"https:\/\/cizaro.com\/es\/home\/about\/\" class=\"more-link\">Continue reading <span class=\"screen-reader-text\">Acerca de nosotros<\/span> <span class=\"meta-nav\">&rarr;<\/span><\/a><\/p>\n","protected":false},"author":444,"featured_media":0,"parent":1391,"menu_order":0,"comment_status":"closed","ping_status":"closed","template":"","meta":{"_acf_changed":false,"footnotes":""},"acf":[],"yoast_head":"<!-- This site is optimized with the Yoast SEO plugin v22.9 - https:\/\/yoast.com\/wordpress\/plugins\/seo\/ -->\n<title>Acerca de nosotros - Cizaro Point of Sale Software: POS Software for Retail and Restaurant<\/title>\n<meta name=\"robots\" content=\"noindex, follow\" \/>\n<script type=\"application\/ld+json\" class=\"yoast-schema-graph\">{\"@context\":\"https:\/\/schema.org\",\"@graph\":[{\"@type\":\"WebPage\",\"@id\":\"https:\/\/cizaro.com\/es\/home\/about\/\",\"url\":\"https:\/\/cizaro.com\/es\/home\/about\/\",\"name\":\"Acerca de nosotros - Cizaro Point of Sale Software: POS Software for Retail and Restaurant\",\"isPartOf\":{\"@id\":\"https:\/\/cizaro.com\/#website\"},\"datePublished\":\"2016-04-16T20:49:52+00:00\",\"dateModified\":\"2018-07-27T12:14:44+00:00\",\"breadcrumb\":{\"@id\":\"https:\/\/cizaro.com\/es\/home\/about\/#breadcrumb\"},\"inLanguage\":\"es-ES\",\"potentialAction\":[{\"@type\":\"ReadAction\",\"target\":[\"https:\/\/cizaro.com\/es\/home\/about\/\"]}]},{\"@type\":\"BreadcrumbList\",\"@id\":\"https:\/\/cizaro.com\/es\/home\/about\/#breadcrumb\",\"itemListElement\":[{\"@type\":\"ListItem\",\"position\":1,\"name\":\"Home\",\"item\":\"https:\/\/cizaro.com\/es\/\"},{\"@type\":\"ListItem\",\"position\":2,\"name\":\"Home\",\"item\":\"https:\/\/cizaro.com\/es\/\"},{\"@type\":\"ListItem\",\"position\":3,\"name\":\"Acerca de nosotros\"}]},{\"@type\":\"WebSite\",\"@id\":\"https:\/\/cizaro.com\/#website\",\"url\":\"https:\/\/cizaro.com\/\",\"name\":\"Cizaro Point of Sale Software: POS Software for Retail and Restaurant\",\"description\":\"Cizaro Company home page, professional POS solutions to boost business incomes\",\"potentialAction\":[{\"@type\":\"SearchAction\",\"target\":{\"@type\":\"EntryPoint\",\"urlTemplate\":\"https:\/\/cizaro.com\/?s={search_term_string}\"},\"query-input\":\"required name=search_term_string\"}],\"inLanguage\":\"es-ES\"}]}<\/script>\n<!-- \/ Yoast SEO plugin. -->","yoast_head_json":{"title":"Acerca de nosotros - Cizaro Point of Sale Software: POS Software for Retail and Restaurant","robots":{"index":"noindex","follow":"follow"},"schema":{"@context":"https:\/\/schema.org","@graph":[{"@type":"WebPage","@id":"https:\/\/cizaro.com\/es\/home\/about\/","url":"https:\/\/cizaro.com\/es\/home\/about\/","name":"Acerca de nosotros - Cizaro Point of Sale Software: POS Software for Retail and Restaurant","isPartOf":{"@id":"https:\/\/cizaro.com\/#website"},"datePublished":"2016-04-16T20:49:52+00:00","dateModified":"2018-07-27T12:14:44+00:00","breadcrumb":{"@id":"https:\/\/cizaro.com\/es\/home\/about\/#breadcrumb"},"inLanguage":"es-ES","potentialAction":[{"@type":"ReadAction","target":["https:\/\/cizaro.com\/es\/home\/about\/"]}]},{"@type":"BreadcrumbList","@id":"https:\/\/cizaro.com\/es\/home\/about\/#breadcrumb","itemListElement":[{"@type":"ListItem","position":1,"name":"Home","item":"https:\/\/cizaro.com\/es\/"},{"@type":"ListItem","position":2,"name":"Home","item":"https:\/\/cizaro.com\/es\/"},{"@type":"ListItem","position":3,"name":"Acerca de nosotros"}]},{"@type":"WebSite","@id":"https:\/\/cizaro.com\/#website","url":"https:\/\/cizaro.com\/","name":"Cizaro Point of Sale Software: POS Software for Retail and Restaurant","description":"Cizaro Company home page, professional POS solutions to boost business incomes","potentialAction":[{"@type":"SearchAction","target":{"@type":"EntryPoint","urlTemplate":"https:\/\/cizaro.com\/?s={search_term_string}"},"query-input":"required name=search_term_string"}],"inLanguage":"es-ES"}]}},"_links":{"self":[{"href":"https:\/\/cizaro.com\/es\/wp-json\/wp\/v2\/pages\/1558"}],"collection":[{"href":"https:\/\/cizaro.com\/es\/wp-json\/wp\/v2\/pages"}],"about":[{"href":"https:\/\/cizaro.com\/es\/wp-json\/wp\/v2\/types\/page"}],"author":[{"embeddable":true,"href":"https:\/\/cizaro.com\/es\/wp-json\/wp\/v2\/users\/444"}],"replies":[{"embeddable":true,"href":"https:\/\/cizaro.com\/es\/wp-json\/wp\/v2\/comments?post=1558"}],"version-history":[{"count":0,"href":"https:\/\/cizaro.com\/es\/wp-json\/wp\/v2\/pages\/1558\/revisions"}],"up":[{"embeddable":true,"href":"https:\/\/cizaro.com\/es\/wp-json\/wp\/v2\/pages\/1391"}],"wp:attachment":[{"href":"https:\/\/cizaro.com\/es\/wp-json\/wp\/v2\/media?parent=1558"}],"curies":[{"name":"wp","href":"https:\/\/api.w.org\/{rel}","templated":true}]}}