
{"id":1588,"date":"2016-01-30T14:20:15","date_gmt":"2016-01-30T14:20:15","guid":{"rendered":"http:\/\/cizaro.development.kharkov.ua\/es\/features\/tablet-optimization\/"},"modified":"2019-04-03T09:38:40","modified_gmt":"2019-04-03T14:38:40","slug":"tablet-pos","status":"publish","type":"page","link":"https:\/\/cizaro.com\/es\/tablet-pos\/","title":{"rendered":"Punto de venta en la tableta"},"content":{"rendered":"<h4>Cizaro est\u00e1 preparado para funcionar en tablets para mayor confort y ahorro. Las tablets se han vuelto populares en muchos negocios porque son port\u00e1tiles, f\u00e1ciles de usar, m\u00e1s baratas que la mayor\u00eda de hardware y no ocupan mucho espacio. Dan a los clientes la imagen de una marca moderna y potente.<\/h4>\n<h4>La caracter\u00edstica de lectura de c\u00f3digo de barras de nuestra soluci\u00f3n para tablet escanea sus productos y permite una opci\u00f3n de firma electr\u00f3nica en la pantalla para los clientes. La \u00faltima tecnolog\u00eda puede ahora expandir su tecnolog\u00eda.<\/h4>\n<p><\/p>","protected":false},"excerpt":{"rendered":"<p>Cizaro est\u00e1 preparado para funcionar en tablets para mayor confort y ahorro. Las tablets se han vuelto populares en muchos negocios porque son port\u00e1tiles, f\u00e1ciles de usar, m\u00e1s baratas que la mayor\u00eda de hardware y no ocupan mucho espacio. Dan a los clientes la imagen de una marca moderna y potente. La caracter\u00edstica de lectura &hellip; <a href=\"https:\/\/cizaro.com\/es\/tablet-pos\/\" class=\"more-link\">Continue reading <span class=\"screen-reader-text\">Punto de venta en la tableta<\/span> <span class=\"meta-nav\">&rarr;<\/span><\/a><\/p>\n","protected":false},"author":444,"featured_media":0,"parent":0,"menu_order":0,"comment_status":"closed","ping_status":"closed","template":"fullscreen.php","meta":{"_acf_changed":false,"footnotes":""},"acf":[],"yoast_head":"<!-- This site is optimized with the Yoast SEO plugin v22.9 - https:\/\/yoast.com\/wordpress\/plugins\/seo\/ -->\n<title>Punto De Venta Para Tablet | Cizaro<\/title>\n<meta name=\"description\" content=\"Adquiere El Punto De Venta Para Tablet Que Se Adapta A Tu Negocio. Controla Las Operaciones De Tu Negocio Desde Tu Tablet. Pruebalo 28 D\u00edas Gratis Hoy!\" \/>\n<meta name=\"robots\" content=\"index, follow, max-snippet:-1, max-image-preview:large, max-video-preview:-1\" \/>\n<link rel=\"canonical\" href=\"https:\/\/cizaro.com\/es\/features\/tablet-pos\/\" \/>\n<script type=\"application\/ld+json\" class=\"yoast-schema-graph\">{\"@context\":\"https:\/\/schema.org\",\"@graph\":[{\"@type\":\"WebPage\",\"@id\":\"https:\/\/cizaro.com\/es\/features\/tablet-pos\/\",\"url\":\"https:\/\/cizaro.com\/es\/features\/tablet-pos\/\",\"name\":\"Punto De Venta Para Tablet | Cizaro\",\"isPartOf\":{\"@id\":\"https:\/\/cizaro.com\/#website\"},\"datePublished\":\"2016-01-30T14:20:15+00:00\",\"dateModified\":\"2019-04-03T14:38:40+00:00\",\"description\":\"Adquiere El Punto De Venta Para Tablet Que Se Adapta A Tu Negocio. Controla Las Operaciones De Tu Negocio Desde Tu Tablet. Pruebalo 28 D\u00edas Gratis Hoy!\",\"breadcrumb\":{\"@id\":\"https:\/\/cizaro.com\/es\/features\/tablet-pos\/#breadcrumb\"},\"inLanguage\":\"es-ES\",\"potentialAction\":[{\"@type\":\"ReadAction\",\"target\":[\"https:\/\/cizaro.com\/es\/features\/tablet-pos\/\"]}]},{\"@type\":\"BreadcrumbList\",\"@id\":\"https:\/\/cizaro.com\/es\/features\/tablet-pos\/#breadcrumb\",\"itemListElement\":[{\"@type\":\"ListItem\",\"position\":1,\"name\":\"Home\",\"item\":\"https:\/\/cizaro.com\/es\/\"},{\"@type\":\"ListItem\",\"position\":2,\"name\":\"Caracteristicas\",\"item\":\"https:\/\/cizaro.com\/es\/features\/\"},{\"@type\":\"ListItem\",\"position\":3,\"name\":\"Punto de venta en la tableta\"}]},{\"@type\":\"WebSite\",\"@id\":\"https:\/\/cizaro.com\/#website\",\"url\":\"https:\/\/cizaro.com\/\",\"name\":\"Cizaro Point of Sale Software: POS Software for Retail and Restaurant\",\"description\":\"Cizaro Company home page, professional POS solutions to boost business incomes\",\"potentialAction\":[{\"@type\":\"SearchAction\",\"target\":{\"@type\":\"EntryPoint\",\"urlTemplate\":\"https:\/\/cizaro.com\/?s={search_term_string}\"},\"query-input\":\"required name=search_term_string\"}],\"inLanguage\":\"es-ES\"}]}<\/script>\n<!-- \/ Yoast SEO plugin. -->","yoast_head_json":{"title":"Punto De Venta Para Tablet | Cizaro","description":"Adquiere El Punto De Venta Para Tablet Que Se Adapta A Tu Negocio. Controla Las Operaciones De Tu Negocio Desde Tu Tablet. Pruebalo 28 D\u00edas Gratis Hoy!","robots":{"index":"index","follow":"follow","max-snippet":"max-snippet:-1","max-image-preview":"max-image-preview:large","max-video-preview":"max-video-preview:-1"},"canonical":"https:\/\/cizaro.com\/es\/features\/tablet-pos\/","schema":{"@context":"https:\/\/schema.org","@graph":[{"@type":"WebPage","@id":"https:\/\/cizaro.com\/es\/features\/tablet-pos\/","url":"https:\/\/cizaro.com\/es\/features\/tablet-pos\/","name":"Punto De Venta Para Tablet | Cizaro","isPartOf":{"@id":"https:\/\/cizaro.com\/#website"},"datePublished":"2016-01-30T14:20:15+00:00","dateModified":"2019-04-03T14:38:40+00:00","description":"Adquiere El Punto De Venta Para Tablet Que Se Adapta A Tu Negocio. Controla Las Operaciones De Tu Negocio Desde Tu Tablet. Pruebalo 28 D\u00edas Gratis Hoy!","breadcrumb":{"@id":"https:\/\/cizaro.com\/es\/features\/tablet-pos\/#breadcrumb"},"inLanguage":"es-ES","potentialAction":[{"@type":"ReadAction","target":["https:\/\/cizaro.com\/es\/features\/tablet-pos\/"]}]},{"@type":"BreadcrumbList","@id":"https:\/\/cizaro.com\/es\/features\/tablet-pos\/#breadcrumb","itemListElement":[{"@type":"ListItem","position":1,"name":"Home","item":"https:\/\/cizaro.com\/es\/"},{"@type":"ListItem","position":2,"name":"Caracteristicas","item":"https:\/\/cizaro.com\/es\/features\/"},{"@type":"ListItem","position":3,"name":"Punto de venta en la tableta"}]},{"@type":"WebSite","@id":"https:\/\/cizaro.com\/#website","url":"https:\/\/cizaro.com\/","name":"Cizaro Point of Sale Software: POS Software for Retail and Restaurant","description":"Cizaro Company home page, professional POS solutions to boost business incomes","potentialAction":[{"@type":"SearchAction","target":{"@type":"EntryPoint","urlTemplate":"https:\/\/cizaro.com\/?s={search_term_string}"},"query-input":"required name=search_term_string"}],"inLanguage":"es-ES"}]}},"_links":{"self":[{"href":"https:\/\/cizaro.com\/es\/wp-json\/wp\/v2\/pages\/1588"}],"collection":[{"href":"https:\/\/cizaro.com\/es\/wp-json\/wp\/v2\/pages"}],"about":[{"href":"https:\/\/cizaro.com\/es\/wp-json\/wp\/v2\/types\/page"}],"author":[{"embeddable":true,"href":"https:\/\/cizaro.com\/es\/wp-json\/wp\/v2\/users\/444"}],"replies":[{"embeddable":true,"href":"https:\/\/cizaro.com\/es\/wp-json\/wp\/v2\/comments?post=1588"}],"version-history":[{"count":0,"href":"https:\/\/cizaro.com\/es\/wp-json\/wp\/v2\/pages\/1588\/revisions"}],"wp:attachment":[{"href":"https:\/\/cizaro.com\/es\/wp-json\/wp\/v2\/media?parent=1588"}],"curies":[{"name":"wp","href":"https:\/\/api.w.org\/{rel}","templated":true}]}}