
{"id":1590,"date":"2015-12-01T11:48:09","date_gmt":"2015-12-01T11:48:09","guid":{"rendered":"http:\/\/cizaro.development.kharkov.ua\/es\/features\/warranty-service-point\/"},"modified":"2019-04-03T09:36:15","modified_gmt":"2019-04-03T14:36:15","slug":"warranty-service-point","status":"publish","type":"page","link":"https:\/\/cizaro.com\/es\/warranty-service-point\/","title":{"rendered":"Punto de servicio"},"content":{"rendered":"<h3>En caso de que su empresa maneje un punto de servicio, nuestro sistema llevar\u00e1 control de la ubicaci\u00f3n del art\u00edculo enviado y de su estado desde la recepci\u00f3n a la salida. En la entrega de producto al cliente se le entregar\u00e1 un recibo. Ser\u00e1 sencillo monitorizar cada paso de la reparaci\u00f3n incluyendo los costes y los detalles del problema para una mayor satisfacci\u00f3n del cliente.<\/h3>\n<p><\/p>","protected":false},"excerpt":{"rendered":"<p>En caso de que su empresa maneje un punto de servicio, nuestro sistema llevar\u00e1 control de la ubicaci\u00f3n del art\u00edculo enviado y de su estado desde la recepci\u00f3n a la salida. En la entrega de producto al cliente se le entregar\u00e1 un recibo. Ser\u00e1 sencillo monitorizar cada paso de la reparaci\u00f3n incluyendo los costes y &hellip; <a href=\"https:\/\/cizaro.com\/es\/warranty-service-point\/\" class=\"more-link\">Continue reading <span class=\"screen-reader-text\">Punto de servicio<\/span> <span class=\"meta-nav\">&rarr;<\/span><\/a><\/p>\n","protected":false},"author":444,"featured_media":0,"parent":0,"menu_order":0,"comment_status":"closed","ping_status":"closed","template":"fullscreen.php","meta":{"_acf_changed":false,"footnotes":""},"acf":[],"yoast_head":"<!-- This site is optimized with the Yoast SEO plugin v22.9 - https:\/\/yoast.com\/wordpress\/plugins\/seo\/ -->\n<title>Warranty Service Point Management - Cizaro POS System<\/title>\n<meta name=\"description\" content=\"Cizaro Point of Sale Software Allows You To Easily Manage Your Warranty Service\u00a0Point By Providing A Powerful Set Of Features. Try Cizaro For FREE Today.\" \/>\n<meta name=\"robots\" content=\"index, follow, max-snippet:-1, max-image-preview:large, max-video-preview:-1\" \/>\n<link rel=\"canonical\" href=\"https:\/\/cizaro.com\/es\/features\/warranty-service-point\/\" \/>\n<script type=\"application\/ld+json\" class=\"yoast-schema-graph\">{\"@context\":\"https:\/\/schema.org\",\"@graph\":[{\"@type\":\"WebPage\",\"@id\":\"https:\/\/cizaro.com\/es\/features\/warranty-service-point\/\",\"url\":\"https:\/\/cizaro.com\/es\/features\/warranty-service-point\/\",\"name\":\"Warranty Service Point Management - Cizaro POS System\",\"isPartOf\":{\"@id\":\"https:\/\/cizaro.com\/#website\"},\"datePublished\":\"2015-12-01T11:48:09+00:00\",\"dateModified\":\"2019-04-03T14:36:15+00:00\",\"description\":\"Cizaro Point of Sale Software Allows You To Easily Manage Your Warranty Service\u00a0Point By Providing A Powerful Set Of Features. Try Cizaro For FREE Today.\",\"breadcrumb\":{\"@id\":\"https:\/\/cizaro.com\/es\/features\/warranty-service-point\/#breadcrumb\"},\"inLanguage\":\"es-ES\",\"potentialAction\":[{\"@type\":\"ReadAction\",\"target\":[\"https:\/\/cizaro.com\/es\/features\/warranty-service-point\/\"]}]},{\"@type\":\"BreadcrumbList\",\"@id\":\"https:\/\/cizaro.com\/es\/features\/warranty-service-point\/#breadcrumb\",\"itemListElement\":[{\"@type\":\"ListItem\",\"position\":1,\"name\":\"Home\",\"item\":\"https:\/\/cizaro.com\/es\/\"},{\"@type\":\"ListItem\",\"position\":2,\"name\":\"Caracteristicas\",\"item\":\"https:\/\/cizaro.com\/es\/features\/\"},{\"@type\":\"ListItem\",\"position\":3,\"name\":\"Punto de servicio\"}]},{\"@type\":\"WebSite\",\"@id\":\"https:\/\/cizaro.com\/#website\",\"url\":\"https:\/\/cizaro.com\/\",\"name\":\"Cizaro Point of Sale Software: POS Software for Retail and Restaurant\",\"description\":\"Cizaro Company home page, professional POS solutions to boost business incomes\",\"potentialAction\":[{\"@type\":\"SearchAction\",\"target\":{\"@type\":\"EntryPoint\",\"urlTemplate\":\"https:\/\/cizaro.com\/?s={search_term_string}\"},\"query-input\":\"required name=search_term_string\"}],\"inLanguage\":\"es-ES\"}]}<\/script>\n<!-- \/ Yoast SEO plugin. -->","yoast_head_json":{"title":"Warranty Service Point Management - Cizaro POS System","description":"Cizaro Point of Sale Software Allows You To Easily Manage Your Warranty Service\u00a0Point By Providing A Powerful Set Of Features. Try Cizaro For FREE Today.","robots":{"index":"index","follow":"follow","max-snippet":"max-snippet:-1","max-image-preview":"max-image-preview:large","max-video-preview":"max-video-preview:-1"},"canonical":"https:\/\/cizaro.com\/es\/features\/warranty-service-point\/","schema":{"@context":"https:\/\/schema.org","@graph":[{"@type":"WebPage","@id":"https:\/\/cizaro.com\/es\/features\/warranty-service-point\/","url":"https:\/\/cizaro.com\/es\/features\/warranty-service-point\/","name":"Warranty Service Point Management - Cizaro POS System","isPartOf":{"@id":"https:\/\/cizaro.com\/#website"},"datePublished":"2015-12-01T11:48:09+00:00","dateModified":"2019-04-03T14:36:15+00:00","description":"Cizaro Point of Sale Software Allows You To Easily Manage Your Warranty Service\u00a0Point By Providing A Powerful Set Of Features. Try Cizaro For FREE Today.","breadcrumb":{"@id":"https:\/\/cizaro.com\/es\/features\/warranty-service-point\/#breadcrumb"},"inLanguage":"es-ES","potentialAction":[{"@type":"ReadAction","target":["https:\/\/cizaro.com\/es\/features\/warranty-service-point\/"]}]},{"@type":"BreadcrumbList","@id":"https:\/\/cizaro.com\/es\/features\/warranty-service-point\/#breadcrumb","itemListElement":[{"@type":"ListItem","position":1,"name":"Home","item":"https:\/\/cizaro.com\/es\/"},{"@type":"ListItem","position":2,"name":"Caracteristicas","item":"https:\/\/cizaro.com\/es\/features\/"},{"@type":"ListItem","position":3,"name":"Punto de servicio"}]},{"@type":"WebSite","@id":"https:\/\/cizaro.com\/#website","url":"https:\/\/cizaro.com\/","name":"Cizaro Point of Sale Software: POS Software for Retail and Restaurant","description":"Cizaro Company home page, professional POS solutions to boost business incomes","potentialAction":[{"@type":"SearchAction","target":{"@type":"EntryPoint","urlTemplate":"https:\/\/cizaro.com\/?s={search_term_string}"},"query-input":"required name=search_term_string"}],"inLanguage":"es-ES"}]}},"_links":{"self":[{"href":"https:\/\/cizaro.com\/es\/wp-json\/wp\/v2\/pages\/1590"}],"collection":[{"href":"https:\/\/cizaro.com\/es\/wp-json\/wp\/v2\/pages"}],"about":[{"href":"https:\/\/cizaro.com\/es\/wp-json\/wp\/v2\/types\/page"}],"author":[{"embeddable":true,"href":"https:\/\/cizaro.com\/es\/wp-json\/wp\/v2\/users\/444"}],"replies":[{"embeddable":true,"href":"https:\/\/cizaro.com\/es\/wp-json\/wp\/v2\/comments?post=1590"}],"version-history":[{"count":0,"href":"https:\/\/cizaro.com\/es\/wp-json\/wp\/v2\/pages\/1590\/revisions"}],"wp:attachment":[{"href":"https:\/\/cizaro.com\/es\/wp-json\/wp\/v2\/media?parent=1590"}],"curies":[{"name":"wp","href":"https:\/\/api.w.org\/{rel}","templated":true}]}}