
{"id":1592,"date":"2016-02-07T00:56:13","date_gmt":"2016-02-07T00:56:13","guid":{"rendered":"http:\/\/cizaro.development.kharkov.ua\/es\/features\/we-spark-up-your-salesmen\/"},"modified":"2019-04-03T09:37:21","modified_gmt":"2019-04-03T14:37:21","slug":"we-spark-up-your-salesmen","status":"publish","type":"page","link":"https:\/\/cizaro.com\/es\/we-spark-up-your-salesmen\/","title":{"rendered":"Inspiramos a su equipo de ventas"},"content":{"rendered":"<p><\/p>","protected":false},"excerpt":{"rendered":"","protected":false},"author":444,"featured_media":0,"parent":0,"menu_order":0,"comment_status":"closed","ping_status":"closed","template":"page-we-spark.php","meta":{"_acf_changed":false,"footnotes":""},"acf":[],"yoast_head":"<!-- This site is optimized with the Yoast SEO plugin v22.9 - https:\/\/yoast.com\/wordpress\/plugins\/seo\/ -->\n<title>Sistema De Ventas | Gesti\u00f3n De Ventas | Cizaro<\/title>\n<meta name=\"description\" content=\"Sistema De Ventas Que Ayuda A Motivar A Tu Equipo. Modo Competici\u00f3n Inteligente, Organizaci\u00f3n Flexible De Comisiones &amp; M\u00e1s. Pruebalo 28 D\u00edas Gratis Hoy!\" \/>\n<meta name=\"robots\" content=\"index, follow, max-snippet:-1, max-image-preview:large, max-video-preview:-1\" \/>\n<link rel=\"canonical\" href=\"https:\/\/cizaro.com\/es\/features\/we-spark-up-your-salesmen\/\" \/>\n<script type=\"application\/ld+json\" class=\"yoast-schema-graph\">{\"@context\":\"https:\/\/schema.org\",\"@graph\":[{\"@type\":\"WebPage\",\"@id\":\"https:\/\/cizaro.com\/es\/features\/we-spark-up-your-salesmen\/\",\"url\":\"https:\/\/cizaro.com\/es\/features\/we-spark-up-your-salesmen\/\",\"name\":\"Sistema De Ventas | Gesti\u00f3n De Ventas | Cizaro\",\"isPartOf\":{\"@id\":\"https:\/\/cizaro.com\/#website\"},\"datePublished\":\"2016-02-07T00:56:13+00:00\",\"dateModified\":\"2019-04-03T14:37:21+00:00\",\"description\":\"Sistema De Ventas Que Ayuda A Motivar A Tu Equipo. Modo Competici\u00f3n Inteligente, Organizaci\u00f3n Flexible De Comisiones & M\u00e1s. Pruebalo 28 D\u00edas Gratis Hoy!\",\"breadcrumb\":{\"@id\":\"https:\/\/cizaro.com\/es\/features\/we-spark-up-your-salesmen\/#breadcrumb\"},\"inLanguage\":\"es-ES\",\"potentialAction\":[{\"@type\":\"ReadAction\",\"target\":[\"https:\/\/cizaro.com\/es\/features\/we-spark-up-your-salesmen\/\"]}]},{\"@type\":\"BreadcrumbList\",\"@id\":\"https:\/\/cizaro.com\/es\/features\/we-spark-up-your-salesmen\/#breadcrumb\",\"itemListElement\":[{\"@type\":\"ListItem\",\"position\":1,\"name\":\"Home\",\"item\":\"https:\/\/cizaro.com\/es\/\"},{\"@type\":\"ListItem\",\"position\":2,\"name\":\"Caracteristicas\",\"item\":\"https:\/\/cizaro.com\/es\/features\/\"},{\"@type\":\"ListItem\",\"position\":3,\"name\":\"Inspiramos a su equipo de ventas\"}]},{\"@type\":\"WebSite\",\"@id\":\"https:\/\/cizaro.com\/#website\",\"url\":\"https:\/\/cizaro.com\/\",\"name\":\"Cizaro Point of Sale Software: POS Software for Retail and Restaurant\",\"description\":\"Cizaro Company home page, professional POS solutions to boost business incomes\",\"potentialAction\":[{\"@type\":\"SearchAction\",\"target\":{\"@type\":\"EntryPoint\",\"urlTemplate\":\"https:\/\/cizaro.com\/?s={search_term_string}\"},\"query-input\":\"required name=search_term_string\"}],\"inLanguage\":\"es-ES\"}]}<\/script>\n<!-- \/ Yoast SEO plugin. -->","yoast_head_json":{"title":"Sistema De Ventas | Gesti\u00f3n De Ventas | Cizaro","description":"Sistema De Ventas Que Ayuda A Motivar A Tu Equipo. Modo Competici\u00f3n Inteligente, Organizaci\u00f3n Flexible De Comisiones & M\u00e1s. Pruebalo 28 D\u00edas Gratis Hoy!","robots":{"index":"index","follow":"follow","max-snippet":"max-snippet:-1","max-image-preview":"max-image-preview:large","max-video-preview":"max-video-preview:-1"},"canonical":"https:\/\/cizaro.com\/es\/features\/we-spark-up-your-salesmen\/","schema":{"@context":"https:\/\/schema.org","@graph":[{"@type":"WebPage","@id":"https:\/\/cizaro.com\/es\/features\/we-spark-up-your-salesmen\/","url":"https:\/\/cizaro.com\/es\/features\/we-spark-up-your-salesmen\/","name":"Sistema De Ventas | Gesti\u00f3n De Ventas | Cizaro","isPartOf":{"@id":"https:\/\/cizaro.com\/#website"},"datePublished":"2016-02-07T00:56:13+00:00","dateModified":"2019-04-03T14:37:21+00:00","description":"Sistema De Ventas Que Ayuda A Motivar A Tu Equipo. Modo Competici\u00f3n Inteligente, Organizaci\u00f3n Flexible De Comisiones & M\u00e1s. Pruebalo 28 D\u00edas Gratis Hoy!","breadcrumb":{"@id":"https:\/\/cizaro.com\/es\/features\/we-spark-up-your-salesmen\/#breadcrumb"},"inLanguage":"es-ES","potentialAction":[{"@type":"ReadAction","target":["https:\/\/cizaro.com\/es\/features\/we-spark-up-your-salesmen\/"]}]},{"@type":"BreadcrumbList","@id":"https:\/\/cizaro.com\/es\/features\/we-spark-up-your-salesmen\/#breadcrumb","itemListElement":[{"@type":"ListItem","position":1,"name":"Home","item":"https:\/\/cizaro.com\/es\/"},{"@type":"ListItem","position":2,"name":"Caracteristicas","item":"https:\/\/cizaro.com\/es\/features\/"},{"@type":"ListItem","position":3,"name":"Inspiramos a su equipo de ventas"}]},{"@type":"WebSite","@id":"https:\/\/cizaro.com\/#website","url":"https:\/\/cizaro.com\/","name":"Cizaro Point of Sale Software: POS Software for Retail and Restaurant","description":"Cizaro Company home page, professional POS solutions to boost business incomes","potentialAction":[{"@type":"SearchAction","target":{"@type":"EntryPoint","urlTemplate":"https:\/\/cizaro.com\/?s={search_term_string}"},"query-input":"required name=search_term_string"}],"inLanguage":"es-ES"}]}},"_links":{"self":[{"href":"https:\/\/cizaro.com\/es\/wp-json\/wp\/v2\/pages\/1592"}],"collection":[{"href":"https:\/\/cizaro.com\/es\/wp-json\/wp\/v2\/pages"}],"about":[{"href":"https:\/\/cizaro.com\/es\/wp-json\/wp\/v2\/types\/page"}],"author":[{"embeddable":true,"href":"https:\/\/cizaro.com\/es\/wp-json\/wp\/v2\/users\/444"}],"replies":[{"embeddable":true,"href":"https:\/\/cizaro.com\/es\/wp-json\/wp\/v2\/comments?post=1592"}],"version-history":[{"count":0,"href":"https:\/\/cizaro.com\/es\/wp-json\/wp\/v2\/pages\/1592\/revisions"}],"wp:attachment":[{"href":"https:\/\/cizaro.com\/es\/wp-json\/wp\/v2\/media?parent=1592"}],"curies":[{"name":"wp","href":"https:\/\/api.w.org\/{rel}","templated":true}]}}