
{"id":1596,"date":"2016-02-09T19:08:31","date_gmt":"2016-02-09T19:08:31","guid":{"rendered":"http:\/\/cizaro.development.kharkov.ua\/es\/partners\/resellers\/"},"modified":"2017-02-14T17:41:52","modified_gmt":"2017-02-14T17:41:52","slug":"resellers","status":"publish","type":"page","link":"https:\/\/cizaro.com\/es\/partners\/resellers\/","title":{"rendered":"Revendedores"},"content":{"rendered":"<p>Forme parte de la potente tecnolog\u00eda de gesti\u00f3n equipada con las \u00faltimas y m\u00e1s avanzadas caracter\u00edsticas. Ll\u00e9velo a su pa\u00eds, estado o ciudad y aproveche nuestras posibilidades para mejorar su oferta.<\/p>\n<p>Por \u00faltimo, este producto altamente competitivo le permitir\u00e1 alcanzar nuevos clientes que busquen innovaci\u00f3n.<\/p>\n<p><\/p>","protected":false},"excerpt":{"rendered":"<p>Forme parte de la potente tecnolog\u00eda de gesti\u00f3n equipada con las \u00faltimas y m\u00e1s avanzadas caracter\u00edsticas. Ll\u00e9velo a su pa\u00eds, estado o ciudad y aproveche nuestras posibilidades para mejorar su oferta. Por \u00faltimo, este producto altamente competitivo le permitir\u00e1 alcanzar nuevos clientes que busquen innovaci\u00f3n.<\/p>\n","protected":false},"author":444,"featured_media":0,"parent":1553,"menu_order":0,"comment_status":"closed","ping_status":"closed","template":"resellers.php","meta":{"_acf_changed":false,"footnotes":""},"acf":[],"yoast_head":"<!-- This site is optimized with the Yoast SEO plugin v22.9 - https:\/\/yoast.com\/wordpress\/plugins\/seo\/ -->\n<title>Revendedores De Sistema POS &amp; ERP Empresarial | Cizaro<\/title>\n<meta name=\"description\" content=\"Ahora Puedes Formar Parte De La Potente Tecnolog\u00eda De Nuestro Software De Gesti\u00f3n. Llevelo A Su Ciudad &amp; Sea Parte De La Innovaci\u00f3n. Pruebalo Gratis!\" \/>\n<meta name=\"robots\" content=\"index, follow, max-snippet:-1, max-image-preview:large, max-video-preview:-1\" \/>\n<link rel=\"canonical\" href=\"https:\/\/cizaro.com\/es\/partners\/resellers\/\" \/>\n<script type=\"application\/ld+json\" class=\"yoast-schema-graph\">{\"@context\":\"https:\/\/schema.org\",\"@graph\":[{\"@type\":\"WebPage\",\"@id\":\"https:\/\/cizaro.com\/es\/partners\/resellers\/\",\"url\":\"https:\/\/cizaro.com\/es\/partners\/resellers\/\",\"name\":\"Revendedores De Sistema POS & ERP Empresarial | Cizaro\",\"isPartOf\":{\"@id\":\"https:\/\/cizaro.com\/#website\"},\"datePublished\":\"2016-02-09T19:08:31+00:00\",\"dateModified\":\"2017-02-14T17:41:52+00:00\",\"description\":\"Ahora Puedes Formar Parte De La Potente Tecnolog\u00eda De Nuestro Software De Gesti\u00f3n. Llevelo A Su Ciudad & Sea Parte De La Innovaci\u00f3n. Pruebalo Gratis!\",\"breadcrumb\":{\"@id\":\"https:\/\/cizaro.com\/es\/partners\/resellers\/#breadcrumb\"},\"inLanguage\":\"es-ES\",\"potentialAction\":[{\"@type\":\"ReadAction\",\"target\":[\"https:\/\/cizaro.com\/es\/partners\/resellers\/\"]}]},{\"@type\":\"BreadcrumbList\",\"@id\":\"https:\/\/cizaro.com\/es\/partners\/resellers\/#breadcrumb\",\"itemListElement\":[{\"@type\":\"ListItem\",\"position\":1,\"name\":\"Home\",\"item\":\"https:\/\/cizaro.com\/es\/\"},{\"@type\":\"ListItem\",\"position\":2,\"name\":\"Sociedad\",\"item\":\"https:\/\/cizaro.com\/es\/partners\/\"},{\"@type\":\"ListItem\",\"position\":3,\"name\":\"Revendedores\"}]},{\"@type\":\"WebSite\",\"@id\":\"https:\/\/cizaro.com\/#website\",\"url\":\"https:\/\/cizaro.com\/\",\"name\":\"Cizaro Point of Sale Software: POS Software for Retail and Restaurant\",\"description\":\"Cizaro Company home page, professional POS solutions to boost business incomes\",\"potentialAction\":[{\"@type\":\"SearchAction\",\"target\":{\"@type\":\"EntryPoint\",\"urlTemplate\":\"https:\/\/cizaro.com\/?s={search_term_string}\"},\"query-input\":\"required name=search_term_string\"}],\"inLanguage\":\"es-ES\"}]}<\/script>\n<!-- \/ Yoast SEO plugin. -->","yoast_head_json":{"title":"Revendedores De Sistema POS & ERP Empresarial | Cizaro","description":"Ahora Puedes Formar Parte De La Potente Tecnolog\u00eda De Nuestro Software De Gesti\u00f3n. Llevelo A Su Ciudad & Sea Parte De La Innovaci\u00f3n. Pruebalo Gratis!","robots":{"index":"index","follow":"follow","max-snippet":"max-snippet:-1","max-image-preview":"max-image-preview:large","max-video-preview":"max-video-preview:-1"},"canonical":"https:\/\/cizaro.com\/es\/partners\/resellers\/","schema":{"@context":"https:\/\/schema.org","@graph":[{"@type":"WebPage","@id":"https:\/\/cizaro.com\/es\/partners\/resellers\/","url":"https:\/\/cizaro.com\/es\/partners\/resellers\/","name":"Revendedores De Sistema POS & ERP Empresarial | Cizaro","isPartOf":{"@id":"https:\/\/cizaro.com\/#website"},"datePublished":"2016-02-09T19:08:31+00:00","dateModified":"2017-02-14T17:41:52+00:00","description":"Ahora Puedes Formar Parte De La Potente Tecnolog\u00eda De Nuestro Software De Gesti\u00f3n. Llevelo A Su Ciudad & Sea Parte De La Innovaci\u00f3n. Pruebalo Gratis!","breadcrumb":{"@id":"https:\/\/cizaro.com\/es\/partners\/resellers\/#breadcrumb"},"inLanguage":"es-ES","potentialAction":[{"@type":"ReadAction","target":["https:\/\/cizaro.com\/es\/partners\/resellers\/"]}]},{"@type":"BreadcrumbList","@id":"https:\/\/cizaro.com\/es\/partners\/resellers\/#breadcrumb","itemListElement":[{"@type":"ListItem","position":1,"name":"Home","item":"https:\/\/cizaro.com\/es\/"},{"@type":"ListItem","position":2,"name":"Sociedad","item":"https:\/\/cizaro.com\/es\/partners\/"},{"@type":"ListItem","position":3,"name":"Revendedores"}]},{"@type":"WebSite","@id":"https:\/\/cizaro.com\/#website","url":"https:\/\/cizaro.com\/","name":"Cizaro Point of Sale Software: POS Software for Retail and Restaurant","description":"Cizaro Company home page, professional POS solutions to boost business incomes","potentialAction":[{"@type":"SearchAction","target":{"@type":"EntryPoint","urlTemplate":"https:\/\/cizaro.com\/?s={search_term_string}"},"query-input":"required name=search_term_string"}],"inLanguage":"es-ES"}]}},"_links":{"self":[{"href":"https:\/\/cizaro.com\/es\/wp-json\/wp\/v2\/pages\/1596"}],"collection":[{"href":"https:\/\/cizaro.com\/es\/wp-json\/wp\/v2\/pages"}],"about":[{"href":"https:\/\/cizaro.com\/es\/wp-json\/wp\/v2\/types\/page"}],"author":[{"embeddable":true,"href":"https:\/\/cizaro.com\/es\/wp-json\/wp\/v2\/users\/444"}],"replies":[{"embeddable":true,"href":"https:\/\/cizaro.com\/es\/wp-json\/wp\/v2\/comments?post=1596"}],"version-history":[{"count":0,"href":"https:\/\/cizaro.com\/es\/wp-json\/wp\/v2\/pages\/1596\/revisions"}],"up":[{"embeddable":true,"href":"https:\/\/cizaro.com\/es\/wp-json\/wp\/v2\/pages\/1553"}],"wp:attachment":[{"href":"https:\/\/cizaro.com\/es\/wp-json\/wp\/v2\/media?parent=1596"}],"curies":[{"name":"wp","href":"https:\/\/api.w.org\/{rel}","templated":true}]}}