
{"id":1598,"date":"2016-04-18T08:23:15","date_gmt":"2016-04-18T08:23:15","guid":{"rendered":"http:\/\/cizaro.development.kharkov.ua\/es\/?page_id=1598"},"modified":"2017-02-14T16:43:38","modified_gmt":"2017-02-14T16:43:38","slug":"bookkeeping","status":"publish","type":"page","link":"https:\/\/cizaro.com\/es\/bookkeeping\/","title":{"rendered":"Libros contables"},"content":{"rendered":"<p>Alineado con el m\u00f3dulo de contabilidad de nuestro ERP y POS, este potente conjunto de caracter\u00edsticas nos ofrece cohesi\u00f3n y transparencia para monitorizar su rendimiento financiero.<\/p>\n<p>El sistema de Cizaro garantiza una circulaci\u00f3n fluida y la consolidaci\u00f3n de datos para tener r\u00e1pidamente actualizados lus finanzas de todas sus localizaciones y en tiempo real<\/p>\n<p><\/p>","protected":false},"excerpt":{"rendered":"<p>Alineado con el m\u00f3dulo de contabilidad de nuestro ERP y POS, este potente conjunto de caracter\u00edsticas nos ofrece cohesi\u00f3n y transparencia para monitorizar su rendimiento financiero. El sistema de Cizaro garantiza una circulaci\u00f3n fluida y la consolidaci\u00f3n de datos para tener r\u00e1pidamente actualizados lus finanzas de todas sus localizaciones y en tiempo real<\/p>\n","protected":false},"author":444,"featured_media":0,"parent":0,"menu_order":0,"comment_status":"closed","ping_status":"closed","template":"page-bookkeeping.php","meta":{"_acf_changed":false,"footnotes":""},"acf":[],"yoast_head":"<!-- This site is optimized with the Yoast SEO plugin v22.9 - https:\/\/yoast.com\/wordpress\/plugins\/seo\/ -->\n<title>Software Contable | SIstema De Contabilidad | Cizaro<\/title>\n<meta name=\"description\" content=\"Adquiere El Software Contable Que Se Adapta A Tu Negocio. Obt\u00e9n Un Mayor Control Sobre Las Finanzas De Tu Empresa. Pruebalo 28 D\u00edas Gratis Hoy!\" \/>\n<meta name=\"robots\" content=\"noindex, follow\" \/>\n<script type=\"application\/ld+json\" class=\"yoast-schema-graph\">{\"@context\":\"https:\/\/schema.org\",\"@graph\":[{\"@type\":\"WebPage\",\"@id\":\"https:\/\/cizaro.com\/es\/features\/bookkeeping\/\",\"url\":\"https:\/\/cizaro.com\/es\/features\/bookkeeping\/\",\"name\":\"Software Contable | SIstema De Contabilidad | Cizaro\",\"isPartOf\":{\"@id\":\"https:\/\/cizaro.com\/#website\"},\"datePublished\":\"2016-04-18T08:23:15+00:00\",\"dateModified\":\"2017-02-14T16:43:38+00:00\",\"description\":\"Adquiere El Software Contable Que Se Adapta A Tu Negocio. Obt\u00e9n Un Mayor Control Sobre Las Finanzas De Tu Empresa. Pruebalo 28 D\u00edas Gratis Hoy!\",\"breadcrumb\":{\"@id\":\"https:\/\/cizaro.com\/es\/features\/bookkeeping\/#breadcrumb\"},\"inLanguage\":\"es-ES\",\"potentialAction\":[{\"@type\":\"ReadAction\",\"target\":[\"https:\/\/cizaro.com\/es\/features\/bookkeeping\/\"]}]},{\"@type\":\"BreadcrumbList\",\"@id\":\"https:\/\/cizaro.com\/es\/features\/bookkeeping\/#breadcrumb\",\"itemListElement\":[{\"@type\":\"ListItem\",\"position\":1,\"name\":\"Home\",\"item\":\"https:\/\/cizaro.com\/es\/\"},{\"@type\":\"ListItem\",\"position\":2,\"name\":\"Caracteristicas\",\"item\":\"https:\/\/cizaro.com\/es\/features\/\"},{\"@type\":\"ListItem\",\"position\":3,\"name\":\"Libros contables\"}]},{\"@type\":\"WebSite\",\"@id\":\"https:\/\/cizaro.com\/#website\",\"url\":\"https:\/\/cizaro.com\/\",\"name\":\"Cizaro Point of Sale Software: POS Software for Retail and Restaurant\",\"description\":\"Cizaro Company home page, professional POS solutions to boost business incomes\",\"potentialAction\":[{\"@type\":\"SearchAction\",\"target\":{\"@type\":\"EntryPoint\",\"urlTemplate\":\"https:\/\/cizaro.com\/?s={search_term_string}\"},\"query-input\":\"required name=search_term_string\"}],\"inLanguage\":\"es-ES\"}]}<\/script>\n<!-- \/ Yoast SEO plugin. -->","yoast_head_json":{"title":"Software Contable | SIstema De Contabilidad | Cizaro","description":"Adquiere El Software Contable Que Se Adapta A Tu Negocio. Obt\u00e9n Un Mayor Control Sobre Las Finanzas De Tu Empresa. Pruebalo 28 D\u00edas Gratis Hoy!","robots":{"index":"noindex","follow":"follow"},"schema":{"@context":"https:\/\/schema.org","@graph":[{"@type":"WebPage","@id":"https:\/\/cizaro.com\/es\/features\/bookkeeping\/","url":"https:\/\/cizaro.com\/es\/features\/bookkeeping\/","name":"Software Contable | SIstema De Contabilidad | Cizaro","isPartOf":{"@id":"https:\/\/cizaro.com\/#website"},"datePublished":"2016-04-18T08:23:15+00:00","dateModified":"2017-02-14T16:43:38+00:00","description":"Adquiere El Software Contable Que Se Adapta A Tu Negocio. Obt\u00e9n Un Mayor Control Sobre Las Finanzas De Tu Empresa. Pruebalo 28 D\u00edas Gratis Hoy!","breadcrumb":{"@id":"https:\/\/cizaro.com\/es\/features\/bookkeeping\/#breadcrumb"},"inLanguage":"es-ES","potentialAction":[{"@type":"ReadAction","target":["https:\/\/cizaro.com\/es\/features\/bookkeeping\/"]}]},{"@type":"BreadcrumbList","@id":"https:\/\/cizaro.com\/es\/features\/bookkeeping\/#breadcrumb","itemListElement":[{"@type":"ListItem","position":1,"name":"Home","item":"https:\/\/cizaro.com\/es\/"},{"@type":"ListItem","position":2,"name":"Caracteristicas","item":"https:\/\/cizaro.com\/es\/features\/"},{"@type":"ListItem","position":3,"name":"Libros contables"}]},{"@type":"WebSite","@id":"https:\/\/cizaro.com\/#website","url":"https:\/\/cizaro.com\/","name":"Cizaro Point of Sale Software: POS Software for Retail and Restaurant","description":"Cizaro Company home page, professional POS solutions to boost business incomes","potentialAction":[{"@type":"SearchAction","target":{"@type":"EntryPoint","urlTemplate":"https:\/\/cizaro.com\/?s={search_term_string}"},"query-input":"required name=search_term_string"}],"inLanguage":"es-ES"}]}},"_links":{"self":[{"href":"https:\/\/cizaro.com\/es\/wp-json\/wp\/v2\/pages\/1598"}],"collection":[{"href":"https:\/\/cizaro.com\/es\/wp-json\/wp\/v2\/pages"}],"about":[{"href":"https:\/\/cizaro.com\/es\/wp-json\/wp\/v2\/types\/page"}],"author":[{"embeddable":true,"href":"https:\/\/cizaro.com\/es\/wp-json\/wp\/v2\/users\/444"}],"replies":[{"embeddable":true,"href":"https:\/\/cizaro.com\/es\/wp-json\/wp\/v2\/comments?post=1598"}],"version-history":[{"count":0,"href":"https:\/\/cizaro.com\/es\/wp-json\/wp\/v2\/pages\/1598\/revisions"}],"wp:attachment":[{"href":"https:\/\/cizaro.com\/es\/wp-json\/wp\/v2\/media?parent=1598"}],"curies":[{"name":"wp","href":"https:\/\/api.w.org\/{rel}","templated":true}]}}