
{"id":1602,"date":"2015-12-01T10:06:49","date_gmt":"2015-12-01T10:06:49","guid":{"rendered":"http:\/\/cizaro.development.kharkov.ua\/es\/products\/e-commerce\/"},"modified":"2016-06-10T22:01:17","modified_gmt":"2016-06-10T22:01:17","slug":"e-commerce","status":"publish","type":"page","link":"https:\/\/cizaro.com\/es\/e-commerce\/","title":{"rendered":"E-commerce"},"content":{"rendered":"<h4>\u00bfListo para hacer ventas en todo el mundo?<\/h4>\n<h4>Incremente su base de clientes y recoja mayores ingresos ofreciendo sus productos y servicios online.<br \/>\nCizaro le da la herramienta para crear su propia tienda online, donde usted podr\u00e1 integrar el personal y el inventario que ya tiene en su tienda tradicional. Gestione tanto su negocio f\u00edsico como virtual al mismo tiempo y con un solo POS. Los pedidos hechos online son autom\u00e1ticamente restados de su stock.<\/h4>\n<h4>Su tienda online le permitir\u00e1 dise\u00f1ar una p\u00e1gina de inicio para publicidad conjuntamente con el CMS gestionando efectivamente su contenido y herramientas SEO integradas para mejorar la visibilidad y posicionamiento de su web.<\/h4>\n<h4>No se preocupe por gestionar PayPal, u otras plataformas de pago y procesadores de tarjeta de cr\u00e9dito ya que estamos listos para ocuparnos de esto por usted.<\/h4>\n<h4>Su personal puede ahora utilizar el sistema para solicitar env\u00edos con FedEx &amp; DHL.<\/h4>\n<p><\/p>","protected":false},"excerpt":{"rendered":"<p>\u00bfListo para hacer ventas en todo el mundo? Incremente su base de clientes y recoja mayores ingresos ofreciendo sus productos y servicios online. Cizaro le da la herramienta para crear su propia tienda online, donde usted podr\u00e1 integrar el personal y el inventario que ya tiene en su tienda tradicional. Gestione tanto su negocio f\u00edsico &hellip; <a href=\"https:\/\/cizaro.com\/es\/e-commerce\/\" class=\"more-link\">Continue reading <span class=\"screen-reader-text\">E-commerce<\/span> <span class=\"meta-nav\">&rarr;<\/span><\/a><\/p>\n","protected":false},"author":444,"featured_media":0,"parent":0,"menu_order":0,"comment_status":"closed","ping_status":"closed","template":"fullscreen.php","meta":{"_acf_changed":false,"footnotes":""},"acf":[],"yoast_head":"<!-- This site is optimized with the Yoast SEO plugin v22.9 - https:\/\/yoast.com\/wordpress\/plugins\/seo\/ -->\n<title>Retail Ecommerce Software Solutions - Cizaro POS<\/title>\n<meta name=\"description\" content=\"Cizaro Retail Ecommerce Software &amp; POS \u00a0Is Uniquely Designed To Grow Your \u00a0Business. Experience The Difference With Us By Starting Your Free Trial Today.\" \/>\n<meta name=\"robots\" content=\"noindex, follow\" \/>\n<meta name=\"twitter:label1\" content=\"Tiempo de lectura\" \/>\n\t<meta name=\"twitter:data1\" content=\"1 minute\" \/>\n<script type=\"application\/ld+json\" class=\"yoast-schema-graph\">{\"@context\":\"https:\/\/schema.org\",\"@graph\":[{\"@type\":\"WebPage\",\"@id\":\"https:\/\/cizaro.com\/es\/e-commerce\/\",\"url\":\"https:\/\/cizaro.com\/es\/e-commerce\/\",\"name\":\"Retail Ecommerce Software Solutions - Cizaro POS\",\"isPartOf\":{\"@id\":\"https:\/\/cizaro.com\/#website\"},\"datePublished\":\"2015-12-01T10:06:49+00:00\",\"dateModified\":\"2016-06-10T22:01:17+00:00\",\"description\":\"Cizaro Retail Ecommerce Software & POS \u00a0Is Uniquely Designed To Grow Your \u00a0Business. Experience The Difference With Us By Starting Your Free Trial Today.\",\"breadcrumb\":{\"@id\":\"https:\/\/cizaro.com\/es\/e-commerce\/#breadcrumb\"},\"inLanguage\":\"es-ES\",\"potentialAction\":[{\"@type\":\"ReadAction\",\"target\":[\"https:\/\/cizaro.com\/es\/e-commerce\/\"]}]},{\"@type\":\"BreadcrumbList\",\"@id\":\"https:\/\/cizaro.com\/es\/e-commerce\/#breadcrumb\",\"itemListElement\":[{\"@type\":\"ListItem\",\"position\":1,\"name\":\"Home\",\"item\":\"https:\/\/cizaro.com\/es\/\"},{\"@type\":\"ListItem\",\"position\":2,\"name\":\"E-commerce\"}]},{\"@type\":\"WebSite\",\"@id\":\"https:\/\/cizaro.com\/#website\",\"url\":\"https:\/\/cizaro.com\/\",\"name\":\"Cizaro Point of Sale Software: POS Software for Retail and Restaurant\",\"description\":\"Cizaro Company home page, professional POS solutions to boost business incomes\",\"potentialAction\":[{\"@type\":\"SearchAction\",\"target\":{\"@type\":\"EntryPoint\",\"urlTemplate\":\"https:\/\/cizaro.com\/?s={search_term_string}\"},\"query-input\":\"required name=search_term_string\"}],\"inLanguage\":\"es-ES\"}]}<\/script>\n<!-- \/ Yoast SEO plugin. -->","yoast_head_json":{"title":"Retail Ecommerce Software Solutions - Cizaro POS","description":"Cizaro Retail Ecommerce Software & POS \u00a0Is Uniquely Designed To Grow Your \u00a0Business. Experience The Difference With Us By Starting Your Free Trial Today.","robots":{"index":"noindex","follow":"follow"},"twitter_misc":{"Tiempo de lectura":"1 minute"},"schema":{"@context":"https:\/\/schema.org","@graph":[{"@type":"WebPage","@id":"https:\/\/cizaro.com\/es\/e-commerce\/","url":"https:\/\/cizaro.com\/es\/e-commerce\/","name":"Retail Ecommerce Software Solutions - Cizaro POS","isPartOf":{"@id":"https:\/\/cizaro.com\/#website"},"datePublished":"2015-12-01T10:06:49+00:00","dateModified":"2016-06-10T22:01:17+00:00","description":"Cizaro Retail Ecommerce Software & POS \u00a0Is Uniquely Designed To Grow Your \u00a0Business. Experience The Difference With Us By Starting Your Free Trial Today.","breadcrumb":{"@id":"https:\/\/cizaro.com\/es\/e-commerce\/#breadcrumb"},"inLanguage":"es-ES","potentialAction":[{"@type":"ReadAction","target":["https:\/\/cizaro.com\/es\/e-commerce\/"]}]},{"@type":"BreadcrumbList","@id":"https:\/\/cizaro.com\/es\/e-commerce\/#breadcrumb","itemListElement":[{"@type":"ListItem","position":1,"name":"Home","item":"https:\/\/cizaro.com\/es\/"},{"@type":"ListItem","position":2,"name":"E-commerce"}]},{"@type":"WebSite","@id":"https:\/\/cizaro.com\/#website","url":"https:\/\/cizaro.com\/","name":"Cizaro Point of Sale Software: POS Software for Retail and Restaurant","description":"Cizaro Company home page, professional POS solutions to boost business incomes","potentialAction":[{"@type":"SearchAction","target":{"@type":"EntryPoint","urlTemplate":"https:\/\/cizaro.com\/?s={search_term_string}"},"query-input":"required name=search_term_string"}],"inLanguage":"es-ES"}]}},"_links":{"self":[{"href":"https:\/\/cizaro.com\/es\/wp-json\/wp\/v2\/pages\/1602"}],"collection":[{"href":"https:\/\/cizaro.com\/es\/wp-json\/wp\/v2\/pages"}],"about":[{"href":"https:\/\/cizaro.com\/es\/wp-json\/wp\/v2\/types\/page"}],"author":[{"embeddable":true,"href":"https:\/\/cizaro.com\/es\/wp-json\/wp\/v2\/users\/444"}],"replies":[{"embeddable":true,"href":"https:\/\/cizaro.com\/es\/wp-json\/wp\/v2\/comments?post=1602"}],"version-history":[{"count":0,"href":"https:\/\/cizaro.com\/es\/wp-json\/wp\/v2\/pages\/1602\/revisions"}],"wp:attachment":[{"href":"https:\/\/cizaro.com\/es\/wp-json\/wp\/v2\/media?parent=1602"}],"curies":[{"name":"wp","href":"https:\/\/api.w.org\/{rel}","templated":true}]}}