
{"id":1604,"date":"2015-12-01T10:24:46","date_gmt":"2015-12-01T10:24:46","guid":{"rendered":"http:\/\/cizaro.development.kharkov.ua\/es\/products\/erp\/"},"modified":"2017-02-14T14:58:47","modified_gmt":"2017-02-14T14:58:47","slug":"erp","status":"publish","type":"page","link":"https:\/\/cizaro.com\/es\/erp\/","title":{"rendered":"ERP"},"content":{"rendered":"<h4>Cizaro incorpora todas las caracter\u00edsticas para gestores de negocio que usan un software inteligente en lugar de combinar varias soluciones para alcanzar sus soluciones particulares.<\/h4>\n<h4>Adem\u00e1s del ahorro de tiempo, la herramienta clave de este concepto es la avanzada inteligencia de negocio gracias al movimiento sin l\u00edmite de la informaci\u00f3n a trav\u00e9s del sistema.<\/h4>\n<h4>La integraci\u00f3n todo en uno de m\u00f3dulos:<\/h4>\n<p><\/p>","protected":false},"excerpt":{"rendered":"<p>Cizaro incorpora todas las caracter\u00edsticas para gestores de negocio que usan un software inteligente en lugar de combinar varias soluciones para alcanzar sus soluciones particulares. Adem\u00e1s del ahorro de tiempo, la herramienta clave de este concepto es la avanzada inteligencia de negocio gracias al movimiento sin l\u00edmite de la informaci\u00f3n a trav\u00e9s del sistema. La &hellip; <a href=\"https:\/\/cizaro.com\/es\/erp\/\" class=\"more-link\">Continue reading <span class=\"screen-reader-text\">ERP<\/span> <span class=\"meta-nav\">&rarr;<\/span><\/a><\/p>\n","protected":false},"author":444,"featured_media":0,"parent":0,"menu_order":0,"comment_status":"closed","ping_status":"closed","template":"cizaro_erp.php","meta":{"_acf_changed":false,"footnotes":""},"acf":[],"yoast_head":"<!-- This site is optimized with the Yoast SEO plugin v22.9 - https:\/\/yoast.com\/wordpress\/plugins\/seo\/ -->\n<title>Software ERP | Sistema De Planificaci\u00f3n | Cizaro<\/title>\n<meta name=\"description\" content=\"Adquiere El Software ERP Que Impulsa El Crecimiento De Tu Negocio. Manejo De Ventas, Contabilidad, Gesti\u00f3n, Producci\u00f3n &amp; M\u00e1s. Pruebalo Gratis 28 D\u00edas Hoy!\" \/>\n<meta name=\"robots\" content=\"noindex, follow\" \/>\n<script type=\"application\/ld+json\" class=\"yoast-schema-graph\">{\"@context\":\"https:\/\/schema.org\",\"@graph\":[{\"@type\":\"WebPage\",\"@id\":\"https:\/\/cizaro.com\/es\/erp\/\",\"url\":\"https:\/\/cizaro.com\/es\/erp\/\",\"name\":\"Software ERP | Sistema De Planificaci\u00f3n | Cizaro\",\"isPartOf\":{\"@id\":\"https:\/\/cizaro.com\/#website\"},\"datePublished\":\"2015-12-01T10:24:46+00:00\",\"dateModified\":\"2017-02-14T14:58:47+00:00\",\"description\":\"Adquiere El Software ERP Que Impulsa El Crecimiento De Tu Negocio. Manejo De Ventas, Contabilidad, Gesti\u00f3n, Producci\u00f3n & M\u00e1s. Pruebalo Gratis 28 D\u00edas Hoy!\",\"breadcrumb\":{\"@id\":\"https:\/\/cizaro.com\/es\/erp\/#breadcrumb\"},\"inLanguage\":\"es-ES\",\"potentialAction\":[{\"@type\":\"ReadAction\",\"target\":[\"https:\/\/cizaro.com\/es\/erp\/\"]}]},{\"@type\":\"BreadcrumbList\",\"@id\":\"https:\/\/cizaro.com\/es\/erp\/#breadcrumb\",\"itemListElement\":[{\"@type\":\"ListItem\",\"position\":1,\"name\":\"Home\",\"item\":\"https:\/\/cizaro.com\/es\/\"},{\"@type\":\"ListItem\",\"position\":2,\"name\":\"ERP\"}]},{\"@type\":\"WebSite\",\"@id\":\"https:\/\/cizaro.com\/#website\",\"url\":\"https:\/\/cizaro.com\/\",\"name\":\"Cizaro Point of Sale Software: POS Software for Retail and Restaurant\",\"description\":\"Cizaro Company home page, professional POS solutions to boost business incomes\",\"potentialAction\":[{\"@type\":\"SearchAction\",\"target\":{\"@type\":\"EntryPoint\",\"urlTemplate\":\"https:\/\/cizaro.com\/?s={search_term_string}\"},\"query-input\":\"required name=search_term_string\"}],\"inLanguage\":\"es-ES\"}]}<\/script>\n<!-- \/ Yoast SEO plugin. -->","yoast_head_json":{"title":"Software ERP | Sistema De Planificaci\u00f3n | Cizaro","description":"Adquiere El Software ERP Que Impulsa El Crecimiento De Tu Negocio. Manejo De Ventas, Contabilidad, Gesti\u00f3n, Producci\u00f3n & M\u00e1s. Pruebalo Gratis 28 D\u00edas Hoy!","robots":{"index":"noindex","follow":"follow"},"schema":{"@context":"https:\/\/schema.org","@graph":[{"@type":"WebPage","@id":"https:\/\/cizaro.com\/es\/erp\/","url":"https:\/\/cizaro.com\/es\/erp\/","name":"Software ERP | Sistema De Planificaci\u00f3n | Cizaro","isPartOf":{"@id":"https:\/\/cizaro.com\/#website"},"datePublished":"2015-12-01T10:24:46+00:00","dateModified":"2017-02-14T14:58:47+00:00","description":"Adquiere El Software ERP Que Impulsa El Crecimiento De Tu Negocio. Manejo De Ventas, Contabilidad, Gesti\u00f3n, Producci\u00f3n & M\u00e1s. Pruebalo Gratis 28 D\u00edas Hoy!","breadcrumb":{"@id":"https:\/\/cizaro.com\/es\/erp\/#breadcrumb"},"inLanguage":"es-ES","potentialAction":[{"@type":"ReadAction","target":["https:\/\/cizaro.com\/es\/erp\/"]}]},{"@type":"BreadcrumbList","@id":"https:\/\/cizaro.com\/es\/erp\/#breadcrumb","itemListElement":[{"@type":"ListItem","position":1,"name":"Home","item":"https:\/\/cizaro.com\/es\/"},{"@type":"ListItem","position":2,"name":"ERP"}]},{"@type":"WebSite","@id":"https:\/\/cizaro.com\/#website","url":"https:\/\/cizaro.com\/","name":"Cizaro Point of Sale Software: POS Software for Retail and Restaurant","description":"Cizaro Company home page, professional POS solutions to boost business incomes","potentialAction":[{"@type":"SearchAction","target":{"@type":"EntryPoint","urlTemplate":"https:\/\/cizaro.com\/?s={search_term_string}"},"query-input":"required name=search_term_string"}],"inLanguage":"es-ES"}]}},"_links":{"self":[{"href":"https:\/\/cizaro.com\/es\/wp-json\/wp\/v2\/pages\/1604"}],"collection":[{"href":"https:\/\/cizaro.com\/es\/wp-json\/wp\/v2\/pages"}],"about":[{"href":"https:\/\/cizaro.com\/es\/wp-json\/wp\/v2\/types\/page"}],"author":[{"embeddable":true,"href":"https:\/\/cizaro.com\/es\/wp-json\/wp\/v2\/users\/444"}],"replies":[{"embeddable":true,"href":"https:\/\/cizaro.com\/es\/wp-json\/wp\/v2\/comments?post=1604"}],"version-history":[{"count":0,"href":"https:\/\/cizaro.com\/es\/wp-json\/wp\/v2\/pages\/1604\/revisions"}],"wp:attachment":[{"href":"https:\/\/cizaro.com\/es\/wp-json\/wp\/v2\/media?parent=1604"}],"curies":[{"name":"wp","href":"https:\/\/api.w.org\/{rel}","templated":true}]}}