
{"id":1606,"date":"2016-02-07T14:51:05","date_gmt":"2016-02-07T14:51:05","guid":{"rendered":"http:\/\/cizaro.development.kharkov.ua\/es\/products\/new-feature-module-development\/"},"modified":"2019-04-03T09:57:48","modified_gmt":"2019-04-03T14:57:48","slug":"new-feature-module-development","status":"publish","type":"page","link":"https:\/\/cizaro.com\/es\/new-feature-module-development\/","title":{"rendered":"Nuevas Caracter\u00edsticas y Desarrollo de M\u00f3dulos"},"content":{"rendered":"<h4>Nuestros desarrolladores experimentados dise\u00f1ar\u00e1n con entusiasmo cualquier soluci\u00f3n adicional para sus procesos espec\u00edficos de negocio. Estamos capacitados para analizar sus operaciones y entregar la excelente Experiencia de Usuario excelente que siempre hab\u00eda estado buscando.<\/h4>\n<h4>Gestione todas las operaciones de su negocio con un solo software para alcanzar los mejores resultados.<\/h4>\n<h4>Si lo desea, puede a\u00f1adir nuevas anal\u00edticas y funciones, integrar software diferente, conectar hardware especial, o satisfacer cualquier otra necesidad. Hable con nuestro equipo de desarrollo e implemente ideas en su ERP o POS\u00a0personalizado de Cizaro.<\/h4>\n<p><\/p>","protected":false},"excerpt":{"rendered":"<p>Nuestros desarrolladores experimentados dise\u00f1ar\u00e1n con entusiasmo cualquier soluci\u00f3n adicional para sus procesos espec\u00edficos de negocio. Estamos capacitados para analizar sus operaciones y entregar la excelente Experiencia de Usuario excelente que siempre hab\u00eda estado buscando. Gestione todas las operaciones de su negocio con un solo software para alcanzar los mejores resultados. Si lo desea, puede a\u00f1adir &hellip; <a href=\"https:\/\/cizaro.com\/es\/new-feature-module-development\/\" class=\"more-link\">Continue reading <span class=\"screen-reader-text\">Nuevas Caracter\u00edsticas y Desarrollo de M\u00f3dulos<\/span> <span class=\"meta-nav\">&rarr;<\/span><\/a><\/p>\n","protected":false},"author":444,"featured_media":0,"parent":0,"menu_order":0,"comment_status":"closed","ping_status":"closed","template":"page-new-feature-module-development.php","meta":{"_acf_changed":false,"footnotes":""},"acf":[],"yoast_head":"<!-- This site is optimized with the Yoast SEO plugin v22.9 - https:\/\/yoast.com\/wordpress\/plugins\/seo\/ -->\n<title>New Feature &amp; Module Development - Cizaro POS System<\/title>\n<meta name=\"description\" content=\"Cizaro Point of Sale Software Offers You A Complete Custom POS System Uniquely Designed To Fit Your Business Needs. Try Cizaro For FREE Today.\" \/>\n<meta name=\"robots\" content=\"index, follow, max-snippet:-1, max-image-preview:large, max-video-preview:-1\" \/>\n<link rel=\"canonical\" href=\"https:\/\/cizaro.com\/es\/new-feature-module-development\/\" \/>\n<script type=\"application\/ld+json\" class=\"yoast-schema-graph\">{\"@context\":\"https:\/\/schema.org\",\"@graph\":[{\"@type\":\"WebPage\",\"@id\":\"https:\/\/cizaro.com\/es\/new-feature-module-development\/\",\"url\":\"https:\/\/cizaro.com\/es\/new-feature-module-development\/\",\"name\":\"New Feature & Module Development - Cizaro POS System\",\"isPartOf\":{\"@id\":\"https:\/\/cizaro.com\/#website\"},\"datePublished\":\"2016-02-07T14:51:05+00:00\",\"dateModified\":\"2019-04-03T14:57:48+00:00\",\"description\":\"Cizaro Point of Sale Software Offers You A Complete Custom POS System Uniquely Designed To Fit Your Business Needs. Try Cizaro For FREE Today.\",\"breadcrumb\":{\"@id\":\"https:\/\/cizaro.com\/es\/new-feature-module-development\/#breadcrumb\"},\"inLanguage\":\"es-ES\",\"potentialAction\":[{\"@type\":\"ReadAction\",\"target\":[\"https:\/\/cizaro.com\/es\/new-feature-module-development\/\"]}]},{\"@type\":\"BreadcrumbList\",\"@id\":\"https:\/\/cizaro.com\/es\/new-feature-module-development\/#breadcrumb\",\"itemListElement\":[{\"@type\":\"ListItem\",\"position\":1,\"name\":\"Home\",\"item\":\"https:\/\/cizaro.com\/es\/\"},{\"@type\":\"ListItem\",\"position\":2,\"name\":\"Nuevas Caracter\u00edsticas y Desarrollo de M\u00f3dulos\"}]},{\"@type\":\"WebSite\",\"@id\":\"https:\/\/cizaro.com\/#website\",\"url\":\"https:\/\/cizaro.com\/\",\"name\":\"Cizaro Point of Sale Software: POS Software for Retail and Restaurant\",\"description\":\"Cizaro Company home page, professional POS solutions to boost business incomes\",\"potentialAction\":[{\"@type\":\"SearchAction\",\"target\":{\"@type\":\"EntryPoint\",\"urlTemplate\":\"https:\/\/cizaro.com\/?s={search_term_string}\"},\"query-input\":\"required name=search_term_string\"}],\"inLanguage\":\"es-ES\"}]}<\/script>\n<!-- \/ Yoast SEO plugin. -->","yoast_head_json":{"title":"New Feature & Module Development - Cizaro POS System","description":"Cizaro Point of Sale Software Offers You A Complete Custom POS System Uniquely Designed To Fit Your Business Needs. Try Cizaro For FREE Today.","robots":{"index":"index","follow":"follow","max-snippet":"max-snippet:-1","max-image-preview":"max-image-preview:large","max-video-preview":"max-video-preview:-1"},"canonical":"https:\/\/cizaro.com\/es\/new-feature-module-development\/","schema":{"@context":"https:\/\/schema.org","@graph":[{"@type":"WebPage","@id":"https:\/\/cizaro.com\/es\/new-feature-module-development\/","url":"https:\/\/cizaro.com\/es\/new-feature-module-development\/","name":"New Feature & Module Development - Cizaro POS System","isPartOf":{"@id":"https:\/\/cizaro.com\/#website"},"datePublished":"2016-02-07T14:51:05+00:00","dateModified":"2019-04-03T14:57:48+00:00","description":"Cizaro Point of Sale Software Offers You A Complete Custom POS System Uniquely Designed To Fit Your Business Needs. Try Cizaro For FREE Today.","breadcrumb":{"@id":"https:\/\/cizaro.com\/es\/new-feature-module-development\/#breadcrumb"},"inLanguage":"es-ES","potentialAction":[{"@type":"ReadAction","target":["https:\/\/cizaro.com\/es\/new-feature-module-development\/"]}]},{"@type":"BreadcrumbList","@id":"https:\/\/cizaro.com\/es\/new-feature-module-development\/#breadcrumb","itemListElement":[{"@type":"ListItem","position":1,"name":"Home","item":"https:\/\/cizaro.com\/es\/"},{"@type":"ListItem","position":2,"name":"Nuevas Caracter\u00edsticas y Desarrollo de M\u00f3dulos"}]},{"@type":"WebSite","@id":"https:\/\/cizaro.com\/#website","url":"https:\/\/cizaro.com\/","name":"Cizaro Point of Sale Software: POS Software for Retail and Restaurant","description":"Cizaro Company home page, professional POS solutions to boost business incomes","potentialAction":[{"@type":"SearchAction","target":{"@type":"EntryPoint","urlTemplate":"https:\/\/cizaro.com\/?s={search_term_string}"},"query-input":"required name=search_term_string"}],"inLanguage":"es-ES"}]}},"_links":{"self":[{"href":"https:\/\/cizaro.com\/es\/wp-json\/wp\/v2\/pages\/1606"}],"collection":[{"href":"https:\/\/cizaro.com\/es\/wp-json\/wp\/v2\/pages"}],"about":[{"href":"https:\/\/cizaro.com\/es\/wp-json\/wp\/v2\/types\/page"}],"author":[{"embeddable":true,"href":"https:\/\/cizaro.com\/es\/wp-json\/wp\/v2\/users\/444"}],"replies":[{"embeddable":true,"href":"https:\/\/cizaro.com\/es\/wp-json\/wp\/v2\/comments?post=1606"}],"version-history":[{"count":0,"href":"https:\/\/cizaro.com\/es\/wp-json\/wp\/v2\/pages\/1606\/revisions"}],"wp:attachment":[{"href":"https:\/\/cizaro.com\/es\/wp-json\/wp\/v2\/media?parent=1606"}],"curies":[{"name":"wp","href":"https:\/\/api.w.org\/{rel}","templated":true}]}}