
{"id":1608,"date":"2015-12-01T10:31:38","date_gmt":"2015-12-01T10:31:38","guid":{"rendered":"http:\/\/cizaro.development.kharkov.ua\/es\/products\/new-generation-of-pos\/"},"modified":"2019-04-03T09:54:58","modified_gmt":"2019-04-03T14:54:58","slug":"new-generation-of-pos","status":"publish","type":"page","link":"https:\/\/cizaro.com\/es\/new-generation-of-pos\/","title":{"rendered":"La nueva generaci\u00f3n de sistemas POS abre el horizonte a su negocio"},"content":{"rendered":"<h4>Hemos lanzado nuestro moderno sistema de gesti\u00f3n para estimular el crecimiento de todos los tipos de tiendas y comercios incentivando una efectiva y din\u00e1mica organizaci\u00f3n de su empresa. Le ayudamos a conseguir un negocio exitoso al crear un entorno de alto rendimiento que hace que su negocio sobresalga.<\/h4>\n<h4>Cumpliendo con los m\u00e1s elevados est\u00e1ndares de calidad, Cizaro POS entrega una estructura estable, coherente y adaptable con una multitud de caracter\u00edsticas manteniendo una soluci\u00f3n r\u00e1pida y f\u00e1cil de usar.<\/h4>\n<p><\/p>","protected":false},"excerpt":{"rendered":"<p>Hemos lanzado nuestro moderno sistema de gesti\u00f3n para estimular el crecimiento de todos los tipos de tiendas y comercios incentivando una efectiva y din\u00e1mica organizaci\u00f3n de su empresa. Le ayudamos a conseguir un negocio exitoso al crear un entorno de alto rendimiento que hace que su negocio sobresalga. Cumpliendo con los m\u00e1s elevados est\u00e1ndares de &hellip; <a href=\"https:\/\/cizaro.com\/es\/new-generation-of-pos\/\" class=\"more-link\">Continue reading <span class=\"screen-reader-text\">La nueva generaci\u00f3n de sistemas POS abre el horizonte a su negocio<\/span> <span class=\"meta-nav\">&rarr;<\/span><\/a><\/p>\n","protected":false},"author":444,"featured_media":0,"parent":0,"menu_order":0,"comment_status":"closed","ping_status":"closed","template":"fullscreen.php","meta":{"_acf_changed":false,"footnotes":""},"acf":[],"yoast_head":"<!-- This site is optimized with the Yoast SEO plugin v22.9 - https:\/\/yoast.com\/wordpress\/plugins\/seo\/ -->\n<title>New generation of POS - Cizaro Point of Sale Software<\/title>\n<meta name=\"description\" content=\"Cizaro Point of Sale Software is the Only Software You Need For Success in Your Business.\u00a0See What Cizaro Can Offer You By Starting Your FREE Trial Today.\" \/>\n<meta name=\"robots\" content=\"index, follow, max-snippet:-1, max-image-preview:large, max-video-preview:-1\" \/>\n<link rel=\"canonical\" href=\"https:\/\/cizaro.com\/es\/new-generation-of-pos\/\" \/>\n<script type=\"application\/ld+json\" class=\"yoast-schema-graph\">{\"@context\":\"https:\/\/schema.org\",\"@graph\":[{\"@type\":\"WebPage\",\"@id\":\"https:\/\/cizaro.com\/es\/new-generation-of-pos\/\",\"url\":\"https:\/\/cizaro.com\/es\/new-generation-of-pos\/\",\"name\":\"New generation of POS - Cizaro Point of Sale Software\",\"isPartOf\":{\"@id\":\"https:\/\/cizaro.com\/#website\"},\"datePublished\":\"2015-12-01T10:31:38+00:00\",\"dateModified\":\"2019-04-03T14:54:58+00:00\",\"description\":\"Cizaro Point of Sale Software is the Only Software You Need For Success in Your Business.\u00a0See What Cizaro Can Offer You By Starting Your FREE Trial Today.\",\"breadcrumb\":{\"@id\":\"https:\/\/cizaro.com\/es\/new-generation-of-pos\/#breadcrumb\"},\"inLanguage\":\"es-ES\",\"potentialAction\":[{\"@type\":\"ReadAction\",\"target\":[\"https:\/\/cizaro.com\/es\/new-generation-of-pos\/\"]}]},{\"@type\":\"BreadcrumbList\",\"@id\":\"https:\/\/cizaro.com\/es\/new-generation-of-pos\/#breadcrumb\",\"itemListElement\":[{\"@type\":\"ListItem\",\"position\":1,\"name\":\"Home\",\"item\":\"https:\/\/cizaro.com\/es\/\"},{\"@type\":\"ListItem\",\"position\":2,\"name\":\"La nueva generaci\u00f3n de sistemas POS abre el horizonte a su negocio\"}]},{\"@type\":\"WebSite\",\"@id\":\"https:\/\/cizaro.com\/#website\",\"url\":\"https:\/\/cizaro.com\/\",\"name\":\"Cizaro Point of Sale Software: POS Software for Retail and Restaurant\",\"description\":\"Cizaro Company home page, professional POS solutions to boost business incomes\",\"potentialAction\":[{\"@type\":\"SearchAction\",\"target\":{\"@type\":\"EntryPoint\",\"urlTemplate\":\"https:\/\/cizaro.com\/?s={search_term_string}\"},\"query-input\":\"required name=search_term_string\"}],\"inLanguage\":\"es-ES\"}]}<\/script>\n<!-- \/ Yoast SEO plugin. -->","yoast_head_json":{"title":"New generation of POS - Cizaro Point of Sale Software","description":"Cizaro Point of Sale Software is the Only Software You Need For Success in Your Business.\u00a0See What Cizaro Can Offer You By Starting Your FREE Trial Today.","robots":{"index":"index","follow":"follow","max-snippet":"max-snippet:-1","max-image-preview":"max-image-preview:large","max-video-preview":"max-video-preview:-1"},"canonical":"https:\/\/cizaro.com\/es\/new-generation-of-pos\/","schema":{"@context":"https:\/\/schema.org","@graph":[{"@type":"WebPage","@id":"https:\/\/cizaro.com\/es\/new-generation-of-pos\/","url":"https:\/\/cizaro.com\/es\/new-generation-of-pos\/","name":"New generation of POS - Cizaro Point of Sale Software","isPartOf":{"@id":"https:\/\/cizaro.com\/#website"},"datePublished":"2015-12-01T10:31:38+00:00","dateModified":"2019-04-03T14:54:58+00:00","description":"Cizaro Point of Sale Software is the Only Software You Need For Success in Your Business.\u00a0See What Cizaro Can Offer You By Starting Your FREE Trial Today.","breadcrumb":{"@id":"https:\/\/cizaro.com\/es\/new-generation-of-pos\/#breadcrumb"},"inLanguage":"es-ES","potentialAction":[{"@type":"ReadAction","target":["https:\/\/cizaro.com\/es\/new-generation-of-pos\/"]}]},{"@type":"BreadcrumbList","@id":"https:\/\/cizaro.com\/es\/new-generation-of-pos\/#breadcrumb","itemListElement":[{"@type":"ListItem","position":1,"name":"Home","item":"https:\/\/cizaro.com\/es\/"},{"@type":"ListItem","position":2,"name":"La nueva generaci\u00f3n de sistemas POS abre el horizonte a su negocio"}]},{"@type":"WebSite","@id":"https:\/\/cizaro.com\/#website","url":"https:\/\/cizaro.com\/","name":"Cizaro Point of Sale Software: POS Software for Retail and Restaurant","description":"Cizaro Company home page, professional POS solutions to boost business incomes","potentialAction":[{"@type":"SearchAction","target":{"@type":"EntryPoint","urlTemplate":"https:\/\/cizaro.com\/?s={search_term_string}"},"query-input":"required name=search_term_string"}],"inLanguage":"es-ES"}]}},"_links":{"self":[{"href":"https:\/\/cizaro.com\/es\/wp-json\/wp\/v2\/pages\/1608"}],"collection":[{"href":"https:\/\/cizaro.com\/es\/wp-json\/wp\/v2\/pages"}],"about":[{"href":"https:\/\/cizaro.com\/es\/wp-json\/wp\/v2\/types\/page"}],"author":[{"embeddable":true,"href":"https:\/\/cizaro.com\/es\/wp-json\/wp\/v2\/users\/444"}],"replies":[{"embeddable":true,"href":"https:\/\/cizaro.com\/es\/wp-json\/wp\/v2\/comments?post=1608"}],"version-history":[{"count":0,"href":"https:\/\/cizaro.com\/es\/wp-json\/wp\/v2\/pages\/1608\/revisions"}],"wp:attachment":[{"href":"https:\/\/cizaro.com\/es\/wp-json\/wp\/v2\/media?parent=1608"}],"curies":[{"name":"wp","href":"https:\/\/api.w.org\/{rel}","templated":true}]}}