
{"id":1609,"date":"2015-12-01T10:57:12","date_gmt":"2015-12-01T10:57:12","guid":{"rendered":"http:\/\/cizaro.development.kharkov.ua\/es\/products\/pos-for-hospitality\/"},"modified":"2019-04-03T09:14:44","modified_gmt":"2019-04-03T14:14:44","slug":"pos-for-hospitality","status":"publish","type":"page","link":"https:\/\/cizaro.com\/es\/pos-for-hospitality\/","title":{"rendered":"Punto de ventas para Hoteles"},"content":{"rendered":"<h3 class=\"regular-heading regular-heading-small\">Pensado para: Casas de hu\u00e9spedes, Hostales, Moteles, Hoteles, Casas rurales, etc.<\/h3>\n<h3 class=\"regular-heading regular-heading-small second-row\">Caracter\u00edsticas m\u00e1s importantes:<\/h3>\n<p><\/p>","protected":false},"excerpt":{"rendered":"<p>Pensado para: Casas de hu\u00e9spedes, Hostales, Moteles, Hoteles, Casas rurales, etc. Caracter\u00edsticas m\u00e1s importantes:<\/p>\n","protected":false},"author":444,"featured_media":0,"parent":0,"menu_order":0,"comment_status":"closed","ping_status":"closed","template":"cizaro_pos_for_hospitality.php","meta":{"_acf_changed":false,"footnotes":""},"acf":[],"yoast_head":"<!-- This site is optimized with the Yoast SEO plugin v22.9 - https:\/\/yoast.com\/wordpress\/plugins\/seo\/ -->\n<title>Software Para Hoteles | Sistema Hotelero | Cizaro<\/title>\n<meta name=\"description\" content=\"Adquiere Nuestro Software Para Hoteles Dise\u00f1ado Para Todas Sus Necesidades. Sistema De Reservas, Ventas, Clientes, Limpieza &amp; M\u00e1s. Pruebalo Gratis Hoy!\" \/>\n<meta name=\"robots\" content=\"index, follow, max-snippet:-1, max-image-preview:large, max-video-preview:-1\" \/>\n<link rel=\"canonical\" href=\"https:\/\/cizaro.com\/es\/pos-for-hospitality\/\" \/>\n<script type=\"application\/ld+json\" class=\"yoast-schema-graph\">{\"@context\":\"https:\/\/schema.org\",\"@graph\":[{\"@type\":\"WebPage\",\"@id\":\"https:\/\/cizaro.com\/es\/pos-for-hospitality\/\",\"url\":\"https:\/\/cizaro.com\/es\/pos-for-hospitality\/\",\"name\":\"Software Para Hoteles | Sistema Hotelero | Cizaro\",\"isPartOf\":{\"@id\":\"https:\/\/cizaro.com\/#website\"},\"datePublished\":\"2015-12-01T10:57:12+00:00\",\"dateModified\":\"2019-04-03T14:14:44+00:00\",\"description\":\"Adquiere Nuestro Software Para Hoteles Dise\u00f1ado Para Todas Sus Necesidades. Sistema De Reservas, Ventas, Clientes, Limpieza & M\u00e1s. Pruebalo Gratis Hoy!\",\"breadcrumb\":{\"@id\":\"https:\/\/cizaro.com\/es\/pos-for-hospitality\/#breadcrumb\"},\"inLanguage\":\"es-ES\",\"potentialAction\":[{\"@type\":\"ReadAction\",\"target\":[\"https:\/\/cizaro.com\/es\/pos-for-hospitality\/\"]}]},{\"@type\":\"BreadcrumbList\",\"@id\":\"https:\/\/cizaro.com\/es\/pos-for-hospitality\/#breadcrumb\",\"itemListElement\":[{\"@type\":\"ListItem\",\"position\":1,\"name\":\"Home\",\"item\":\"https:\/\/cizaro.com\/es\/\"},{\"@type\":\"ListItem\",\"position\":2,\"name\":\"Punto de ventas para Hoteles\"}]},{\"@type\":\"WebSite\",\"@id\":\"https:\/\/cizaro.com\/#website\",\"url\":\"https:\/\/cizaro.com\/\",\"name\":\"Cizaro Point of Sale Software: POS Software for Retail and Restaurant\",\"description\":\"Cizaro Company home page, professional POS solutions to boost business incomes\",\"potentialAction\":[{\"@type\":\"SearchAction\",\"target\":{\"@type\":\"EntryPoint\",\"urlTemplate\":\"https:\/\/cizaro.com\/?s={search_term_string}\"},\"query-input\":\"required name=search_term_string\"}],\"inLanguage\":\"es-ES\"}]}<\/script>\n<!-- \/ Yoast SEO plugin. -->","yoast_head_json":{"title":"Software Para Hoteles | Sistema Hotelero | Cizaro","description":"Adquiere Nuestro Software Para Hoteles Dise\u00f1ado Para Todas Sus Necesidades. Sistema De Reservas, Ventas, Clientes, Limpieza & M\u00e1s. Pruebalo Gratis Hoy!","robots":{"index":"index","follow":"follow","max-snippet":"max-snippet:-1","max-image-preview":"max-image-preview:large","max-video-preview":"max-video-preview:-1"},"canonical":"https:\/\/cizaro.com\/es\/pos-for-hospitality\/","schema":{"@context":"https:\/\/schema.org","@graph":[{"@type":"WebPage","@id":"https:\/\/cizaro.com\/es\/pos-for-hospitality\/","url":"https:\/\/cizaro.com\/es\/pos-for-hospitality\/","name":"Software Para Hoteles | Sistema Hotelero | Cizaro","isPartOf":{"@id":"https:\/\/cizaro.com\/#website"},"datePublished":"2015-12-01T10:57:12+00:00","dateModified":"2019-04-03T14:14:44+00:00","description":"Adquiere Nuestro Software Para Hoteles Dise\u00f1ado Para Todas Sus Necesidades. Sistema De Reservas, Ventas, Clientes, Limpieza & M\u00e1s. Pruebalo Gratis Hoy!","breadcrumb":{"@id":"https:\/\/cizaro.com\/es\/pos-for-hospitality\/#breadcrumb"},"inLanguage":"es-ES","potentialAction":[{"@type":"ReadAction","target":["https:\/\/cizaro.com\/es\/pos-for-hospitality\/"]}]},{"@type":"BreadcrumbList","@id":"https:\/\/cizaro.com\/es\/pos-for-hospitality\/#breadcrumb","itemListElement":[{"@type":"ListItem","position":1,"name":"Home","item":"https:\/\/cizaro.com\/es\/"},{"@type":"ListItem","position":2,"name":"Punto de ventas para Hoteles"}]},{"@type":"WebSite","@id":"https:\/\/cizaro.com\/#website","url":"https:\/\/cizaro.com\/","name":"Cizaro Point of Sale Software: POS Software for Retail and Restaurant","description":"Cizaro Company home page, professional POS solutions to boost business incomes","potentialAction":[{"@type":"SearchAction","target":{"@type":"EntryPoint","urlTemplate":"https:\/\/cizaro.com\/?s={search_term_string}"},"query-input":"required name=search_term_string"}],"inLanguage":"es-ES"}]}},"_links":{"self":[{"href":"https:\/\/cizaro.com\/es\/wp-json\/wp\/v2\/pages\/1609"}],"collection":[{"href":"https:\/\/cizaro.com\/es\/wp-json\/wp\/v2\/pages"}],"about":[{"href":"https:\/\/cizaro.com\/es\/wp-json\/wp\/v2\/types\/page"}],"author":[{"embeddable":true,"href":"https:\/\/cizaro.com\/es\/wp-json\/wp\/v2\/users\/444"}],"replies":[{"embeddable":true,"href":"https:\/\/cizaro.com\/es\/wp-json\/wp\/v2\/comments?post=1609"}],"version-history":[{"count":0,"href":"https:\/\/cizaro.com\/es\/wp-json\/wp\/v2\/pages\/1609\/revisions"}],"wp:attachment":[{"href":"https:\/\/cizaro.com\/es\/wp-json\/wp\/v2\/media?parent=1609"}],"curies":[{"name":"wp","href":"https:\/\/api.w.org\/{rel}","templated":true}]}}