
{"id":1611,"date":"2015-12-01T11:07:40","date_gmt":"2015-12-01T11:07:40","guid":{"rendered":"http:\/\/cizaro.development.kharkov.ua\/es\/products\/pos-for-restaurants\/"},"modified":"2019-04-03T09:14:58","modified_gmt":"2019-04-03T14:14:58","slug":"pos-for-restaurants","status":"publish","type":"page","link":"https:\/\/cizaro.com\/es\/pos-for-restaurants\/","title":{"rendered":"POS para Restaurantes"},"content":{"rendered":"<p>Pensado para establecimientos como pubs, bares, restaurantes, cafes, comida r\u00e1pida y otros tipos de locales.<\/p>\n<p>Caracter\u00edsticas m\u00e1s notables:<\/p>\n<p><\/p>","protected":false},"excerpt":{"rendered":"<p>Pensado para establecimientos como pubs, bares, restaurantes, cafes, comida r\u00e1pida y otros tipos de locales. Caracter\u00edsticas m\u00e1s notables:<\/p>\n","protected":false},"author":444,"featured_media":0,"parent":0,"menu_order":0,"comment_status":"closed","ping_status":"closed","template":"cizaro_pos-for_restaurants.php","meta":{"_acf_changed":false,"footnotes":""},"acf":[],"yoast_head":"<!-- This site is optimized with the Yoast SEO plugin v22.9 - https:\/\/yoast.com\/wordpress\/plugins\/seo\/ -->\n<title>Software Para Restaurantes, Pubs, Bares, Cafes Y M\u00e1s | Cizaro<\/title>\n<meta name=\"description\" content=\"El Software Para Restaurantes Que Te Ayuda A Tener Mayor Control. Sistema De Gesti\u00f3n, Reservas, Entregas A Domicilio Y M\u00e1s. Pruebalo Gratis 28 D\u00edas Hoy!\" \/>\n<meta name=\"robots\" content=\"noindex, follow\" \/>\n<script type=\"application\/ld+json\" class=\"yoast-schema-graph\">{\"@context\":\"https:\/\/schema.org\",\"@graph\":[{\"@type\":\"WebPage\",\"@id\":\"https:\/\/cizaro.com\/es\/pos-for-restaurants\/\",\"url\":\"https:\/\/cizaro.com\/es\/pos-for-restaurants\/\",\"name\":\"Software Para Restaurantes, Pubs, Bares, Cafes Y M\u00e1s | Cizaro\",\"isPartOf\":{\"@id\":\"https:\/\/cizaro.com\/#website\"},\"datePublished\":\"2015-12-01T11:07:40+00:00\",\"dateModified\":\"2019-04-03T14:14:58+00:00\",\"description\":\"El Software Para Restaurantes Que Te Ayuda A Tener Mayor Control. Sistema De Gesti\u00f3n, Reservas, Entregas A Domicilio Y M\u00e1s. Pruebalo Gratis 28 D\u00edas Hoy!\",\"breadcrumb\":{\"@id\":\"https:\/\/cizaro.com\/es\/pos-for-restaurants\/#breadcrumb\"},\"inLanguage\":\"es-ES\",\"potentialAction\":[{\"@type\":\"ReadAction\",\"target\":[\"https:\/\/cizaro.com\/es\/pos-for-restaurants\/\"]}]},{\"@type\":\"BreadcrumbList\",\"@id\":\"https:\/\/cizaro.com\/es\/pos-for-restaurants\/#breadcrumb\",\"itemListElement\":[{\"@type\":\"ListItem\",\"position\":1,\"name\":\"Home\",\"item\":\"https:\/\/cizaro.com\/es\/\"},{\"@type\":\"ListItem\",\"position\":2,\"name\":\"POS para Restaurantes\"}]},{\"@type\":\"WebSite\",\"@id\":\"https:\/\/cizaro.com\/#website\",\"url\":\"https:\/\/cizaro.com\/\",\"name\":\"Cizaro Point of Sale Software: POS Software for Retail and Restaurant\",\"description\":\"Cizaro Company home page, professional POS solutions to boost business incomes\",\"potentialAction\":[{\"@type\":\"SearchAction\",\"target\":{\"@type\":\"EntryPoint\",\"urlTemplate\":\"https:\/\/cizaro.com\/?s={search_term_string}\"},\"query-input\":\"required name=search_term_string\"}],\"inLanguage\":\"es-ES\"}]}<\/script>\n<!-- \/ Yoast SEO plugin. -->","yoast_head_json":{"title":"Software Para Restaurantes, Pubs, Bares, Cafes Y M\u00e1s | Cizaro","description":"El Software Para Restaurantes Que Te Ayuda A Tener Mayor Control. Sistema De Gesti\u00f3n, Reservas, Entregas A Domicilio Y M\u00e1s. Pruebalo Gratis 28 D\u00edas Hoy!","robots":{"index":"noindex","follow":"follow"},"schema":{"@context":"https:\/\/schema.org","@graph":[{"@type":"WebPage","@id":"https:\/\/cizaro.com\/es\/pos-for-restaurants\/","url":"https:\/\/cizaro.com\/es\/pos-for-restaurants\/","name":"Software Para Restaurantes, Pubs, Bares, Cafes Y M\u00e1s | Cizaro","isPartOf":{"@id":"https:\/\/cizaro.com\/#website"},"datePublished":"2015-12-01T11:07:40+00:00","dateModified":"2019-04-03T14:14:58+00:00","description":"El Software Para Restaurantes Que Te Ayuda A Tener Mayor Control. Sistema De Gesti\u00f3n, Reservas, Entregas A Domicilio Y M\u00e1s. Pruebalo Gratis 28 D\u00edas Hoy!","breadcrumb":{"@id":"https:\/\/cizaro.com\/es\/pos-for-restaurants\/#breadcrumb"},"inLanguage":"es-ES","potentialAction":[{"@type":"ReadAction","target":["https:\/\/cizaro.com\/es\/pos-for-restaurants\/"]}]},{"@type":"BreadcrumbList","@id":"https:\/\/cizaro.com\/es\/pos-for-restaurants\/#breadcrumb","itemListElement":[{"@type":"ListItem","position":1,"name":"Home","item":"https:\/\/cizaro.com\/es\/"},{"@type":"ListItem","position":2,"name":"POS para Restaurantes"}]},{"@type":"WebSite","@id":"https:\/\/cizaro.com\/#website","url":"https:\/\/cizaro.com\/","name":"Cizaro Point of Sale Software: POS Software for Retail and Restaurant","description":"Cizaro Company home page, professional POS solutions to boost business incomes","potentialAction":[{"@type":"SearchAction","target":{"@type":"EntryPoint","urlTemplate":"https:\/\/cizaro.com\/?s={search_term_string}"},"query-input":"required name=search_term_string"}],"inLanguage":"es-ES"}]}},"_links":{"self":[{"href":"https:\/\/cizaro.com\/es\/wp-json\/wp\/v2\/pages\/1611"}],"collection":[{"href":"https:\/\/cizaro.com\/es\/wp-json\/wp\/v2\/pages"}],"about":[{"href":"https:\/\/cizaro.com\/es\/wp-json\/wp\/v2\/types\/page"}],"author":[{"embeddable":true,"href":"https:\/\/cizaro.com\/es\/wp-json\/wp\/v2\/users\/444"}],"replies":[{"embeddable":true,"href":"https:\/\/cizaro.com\/es\/wp-json\/wp\/v2\/comments?post=1611"}],"version-history":[{"count":0,"href":"https:\/\/cizaro.com\/es\/wp-json\/wp\/v2\/pages\/1611\/revisions"}],"wp:attachment":[{"href":"https:\/\/cizaro.com\/es\/wp-json\/wp\/v2\/media?parent=1611"}],"curies":[{"name":"wp","href":"https:\/\/api.w.org\/{rel}","templated":true}]}}