
{"id":1615,"date":"2016-02-06T11:45:15","date_gmt":"2016-02-06T11:45:15","guid":{"rendered":"http:\/\/cizaro.development.kharkov.ua\/es\/products\/pos-for-retail\/health-food-store-pos-system\/"},"modified":"2019-04-03T09:25:24","modified_gmt":"2019-04-03T14:25:24","slug":"health-stores-and-pharmacy-pos-system","status":"publish","type":"page","link":"https:\/\/cizaro.com\/es\/pos-for-retail\/health-stores-and-pharmacy-pos-system\/","title":{"rendered":"POS (PDV) para tiendas de Salud y farmacias"},"content":{"rendered":"<p>La organizaci\u00f3n apropiada del deposito es nuestro enfoque para permitir un negocio bien gestionado. Dentro de las primeras horas de uso del Punto de Venta Para Farmacia de Cizaro, usted aprender\u00e1 f\u00e1cilmente como hacer seguimiento de cada proveedor, producto y cualquier transacci\u00f3n. Siga adelante e inicie el cambio.<\/p>\n<p><\/p>","protected":false},"excerpt":{"rendered":"<p>La organizaci\u00f3n apropiada del deposito es nuestro enfoque para permitir un negocio bien gestionado. Dentro de las primeras horas de uso del Punto de Venta Para Farmacia de Cizaro, usted aprender\u00e1 f\u00e1cilmente como hacer seguimiento de cada proveedor, producto y cualquier transacci\u00f3n. Siga adelante e inicie el cambio.<\/p>\n","protected":false},"author":444,"featured_media":0,"parent":1613,"menu_order":0,"comment_status":"closed","ping_status":"closed","template":"page-beauty-and-hair.php","meta":{"_acf_changed":false,"footnotes":""},"acf":[],"yoast_head":"<!-- This site is optimized with the Yoast SEO plugin v22.9 - https:\/\/yoast.com\/wordpress\/plugins\/seo\/ -->\n<title>Punto De Venta Para Farmacias &amp; Tiendas De Salud | Cizaro<\/title>\n<meta name=\"description\" content=\"Adquiere El Punto De Venta Para Farmacias Que Se Adapta A tu Negocio. Aumenta Tus Ventas &amp; Obt\u00e9n Un Mayor Control. Pruebalo Gratis 28 D\u00edas Hoy!\" \/>\n<meta name=\"robots\" content=\"index, follow, max-snippet:-1, max-image-preview:large, max-video-preview:-1\" \/>\n<link rel=\"canonical\" href=\"https:\/\/cizaro.com\/es\/pos-for-retail\/health-stores-and-pharmacy-pos-system\/\" \/>\n<script type=\"application\/ld+json\" class=\"yoast-schema-graph\">{\"@context\":\"https:\/\/schema.org\",\"@graph\":[{\"@type\":\"WebPage\",\"@id\":\"https:\/\/cizaro.com\/es\/pos-for-retail\/health-stores-and-pharmacy-pos-system\/\",\"url\":\"https:\/\/cizaro.com\/es\/pos-for-retail\/health-stores-and-pharmacy-pos-system\/\",\"name\":\"Punto De Venta Para Farmacias & Tiendas De Salud | Cizaro\",\"isPartOf\":{\"@id\":\"https:\/\/cizaro.com\/#website\"},\"datePublished\":\"2016-02-06T11:45:15+00:00\",\"dateModified\":\"2019-04-03T14:25:24+00:00\",\"description\":\"Adquiere El Punto De Venta Para Farmacias Que Se Adapta A tu Negocio. Aumenta Tus Ventas & Obt\u00e9n Un Mayor Control. Pruebalo Gratis 28 D\u00edas Hoy!\",\"breadcrumb\":{\"@id\":\"https:\/\/cizaro.com\/es\/pos-for-retail\/health-stores-and-pharmacy-pos-system\/#breadcrumb\"},\"inLanguage\":\"es-ES\",\"potentialAction\":[{\"@type\":\"ReadAction\",\"target\":[\"https:\/\/cizaro.com\/es\/pos-for-retail\/health-stores-and-pharmacy-pos-system\/\"]}]},{\"@type\":\"BreadcrumbList\",\"@id\":\"https:\/\/cizaro.com\/es\/pos-for-retail\/health-stores-and-pharmacy-pos-system\/#breadcrumb\",\"itemListElement\":[{\"@type\":\"ListItem\",\"position\":1,\"name\":\"Home\",\"item\":\"https:\/\/cizaro.com\/es\/\"},{\"@type\":\"ListItem\",\"position\":2,\"name\":\"Punto de Venta Comercios\",\"item\":\"https:\/\/cizaro.com\/es\/pos-for-retail\/\"},{\"@type\":\"ListItem\",\"position\":3,\"name\":\"POS (PDV) para tiendas de Salud y farmacias\"}]},{\"@type\":\"WebSite\",\"@id\":\"https:\/\/cizaro.com\/#website\",\"url\":\"https:\/\/cizaro.com\/\",\"name\":\"Cizaro Point of Sale Software: POS Software for Retail and Restaurant\",\"description\":\"Cizaro Company home page, professional POS solutions to boost business incomes\",\"potentialAction\":[{\"@type\":\"SearchAction\",\"target\":{\"@type\":\"EntryPoint\",\"urlTemplate\":\"https:\/\/cizaro.com\/?s={search_term_string}\"},\"query-input\":\"required name=search_term_string\"}],\"inLanguage\":\"es-ES\"}]}<\/script>\n<!-- \/ Yoast SEO plugin. -->","yoast_head_json":{"title":"Punto De Venta Para Farmacias & Tiendas De Salud | Cizaro","description":"Adquiere El Punto De Venta Para Farmacias Que Se Adapta A tu Negocio. Aumenta Tus Ventas & Obt\u00e9n Un Mayor Control. Pruebalo Gratis 28 D\u00edas Hoy!","robots":{"index":"index","follow":"follow","max-snippet":"max-snippet:-1","max-image-preview":"max-image-preview:large","max-video-preview":"max-video-preview:-1"},"canonical":"https:\/\/cizaro.com\/es\/pos-for-retail\/health-stores-and-pharmacy-pos-system\/","schema":{"@context":"https:\/\/schema.org","@graph":[{"@type":"WebPage","@id":"https:\/\/cizaro.com\/es\/pos-for-retail\/health-stores-and-pharmacy-pos-system\/","url":"https:\/\/cizaro.com\/es\/pos-for-retail\/health-stores-and-pharmacy-pos-system\/","name":"Punto De Venta Para Farmacias & Tiendas De Salud | Cizaro","isPartOf":{"@id":"https:\/\/cizaro.com\/#website"},"datePublished":"2016-02-06T11:45:15+00:00","dateModified":"2019-04-03T14:25:24+00:00","description":"Adquiere El Punto De Venta Para Farmacias Que Se Adapta A tu Negocio. Aumenta Tus Ventas & Obt\u00e9n Un Mayor Control. Pruebalo Gratis 28 D\u00edas Hoy!","breadcrumb":{"@id":"https:\/\/cizaro.com\/es\/pos-for-retail\/health-stores-and-pharmacy-pos-system\/#breadcrumb"},"inLanguage":"es-ES","potentialAction":[{"@type":"ReadAction","target":["https:\/\/cizaro.com\/es\/pos-for-retail\/health-stores-and-pharmacy-pos-system\/"]}]},{"@type":"BreadcrumbList","@id":"https:\/\/cizaro.com\/es\/pos-for-retail\/health-stores-and-pharmacy-pos-system\/#breadcrumb","itemListElement":[{"@type":"ListItem","position":1,"name":"Home","item":"https:\/\/cizaro.com\/es\/"},{"@type":"ListItem","position":2,"name":"Punto de Venta Comercios","item":"https:\/\/cizaro.com\/es\/pos-for-retail\/"},{"@type":"ListItem","position":3,"name":"POS (PDV) para tiendas de Salud y farmacias"}]},{"@type":"WebSite","@id":"https:\/\/cizaro.com\/#website","url":"https:\/\/cizaro.com\/","name":"Cizaro Point of Sale Software: POS Software for Retail and Restaurant","description":"Cizaro Company home page, professional POS solutions to boost business incomes","potentialAction":[{"@type":"SearchAction","target":{"@type":"EntryPoint","urlTemplate":"https:\/\/cizaro.com\/?s={search_term_string}"},"query-input":"required name=search_term_string"}],"inLanguage":"es-ES"}]}},"_links":{"self":[{"href":"https:\/\/cizaro.com\/es\/wp-json\/wp\/v2\/pages\/1615"}],"collection":[{"href":"https:\/\/cizaro.com\/es\/wp-json\/wp\/v2\/pages"}],"about":[{"href":"https:\/\/cizaro.com\/es\/wp-json\/wp\/v2\/types\/page"}],"author":[{"embeddable":true,"href":"https:\/\/cizaro.com\/es\/wp-json\/wp\/v2\/users\/444"}],"replies":[{"embeddable":true,"href":"https:\/\/cizaro.com\/es\/wp-json\/wp\/v2\/comments?post=1615"}],"version-history":[{"count":0,"href":"https:\/\/cizaro.com\/es\/wp-json\/wp\/v2\/pages\/1615\/revisions"}],"up":[{"embeddable":true,"href":"https:\/\/cizaro.com\/es\/wp-json\/wp\/v2\/pages\/1613"}],"wp:attachment":[{"href":"https:\/\/cizaro.com\/es\/wp-json\/wp\/v2\/media?parent=1615"}],"curies":[{"name":"wp","href":"https:\/\/api.w.org\/{rel}","templated":true}]}}