
{"id":1619,"date":"2016-02-06T10:56:27","date_gmt":"2016-02-06T10:56:27","guid":{"rendered":"http:\/\/cizaro.development.kharkov.ua\/es\/products\/pos-for-retail\/pos-for-fashion\/"},"modified":"2019-04-03T09:23:01","modified_gmt":"2019-04-03T14:23:01","slug":"pos-for-fashion","status":"publish","type":"page","link":"https:\/\/cizaro.com\/es\/pos-for-retail\/pos-for-fashion\/","title":{"rendered":"Sistema POS (PDV) para Tiendas de Ropa"},"content":{"rendered":"<p>Est\u00e9 completamente a cargo del manejo de su negocio paso a paso. Acceda al enriquecido arreglo de reportes y tableros disponibles en el POS (PDV) para tiendas de ropa de Cizaro desde cualquier dispositivo y desde cualquier lugar del mundo. Al analizar estad\u00edsticas, ventas y desempe\u00f1o de los trabajadores, usted estar\u00e1 preparado para tomar acciones calculadas y mejorar estrategias en su tienda de ropa minorista.<\/p>\n<p><\/p>","protected":false},"excerpt":{"rendered":"<p>Est\u00e9 completamente a cargo del manejo de su negocio paso a paso. Acceda al enriquecido arreglo de reportes y tableros disponibles en el POS (PDV) para tiendas de ropa de Cizaro desde cualquier dispositivo y desde cualquier lugar del mundo. Al analizar estad\u00edsticas, ventas y desempe\u00f1o de los trabajadores, usted estar\u00e1 preparado para tomar acciones &hellip; <a href=\"https:\/\/cizaro.com\/es\/pos-for-retail\/pos-for-fashion\/\" class=\"more-link\">Continue reading <span class=\"screen-reader-text\">Sistema POS (PDV) para Tiendas de Ropa<\/span> <span class=\"meta-nav\">&rarr;<\/span><\/a><\/p>\n","protected":false},"author":444,"featured_media":0,"parent":1613,"menu_order":0,"comment_status":"closed","ping_status":"closed","template":"page-beauty-and-hair.php","meta":{"_acf_changed":false,"footnotes":""},"acf":[],"yoast_head":"<!-- This site is optimized with the Yoast SEO plugin v22.9 - https:\/\/yoast.com\/wordpress\/plugins\/seo\/ -->\n<title>Software Para Tiendas De Ropa &amp; Moda | Cizaro<\/title>\n<meta name=\"description\" content=\"Crece Tu Negocio Con Nuestro TPV Para Boutiques, Tiendas De Ropa, Zapaterias &amp; M\u00e1s! Aumenta Tus Ventas Y Obt\u00e9n Mas Control. Pruebalo Gratis 28 D\u00edas Hoy!\" \/>\n<meta name=\"robots\" content=\"index, follow, max-snippet:-1, max-image-preview:large, max-video-preview:-1\" \/>\n<link rel=\"canonical\" href=\"https:\/\/cizaro.com\/es\/pos-for-retail\/pos-for-fashion\/\" \/>\n<script type=\"application\/ld+json\" class=\"yoast-schema-graph\">{\"@context\":\"https:\/\/schema.org\",\"@graph\":[{\"@type\":\"WebPage\",\"@id\":\"https:\/\/cizaro.com\/es\/pos-for-retail\/pos-for-fashion\/\",\"url\":\"https:\/\/cizaro.com\/es\/pos-for-retail\/pos-for-fashion\/\",\"name\":\"Software Para Tiendas De Ropa & Moda | Cizaro\",\"isPartOf\":{\"@id\":\"https:\/\/cizaro.com\/#website\"},\"datePublished\":\"2016-02-06T10:56:27+00:00\",\"dateModified\":\"2019-04-03T14:23:01+00:00\",\"description\":\"Crece Tu Negocio Con Nuestro TPV Para Boutiques, Tiendas De Ropa, Zapaterias & M\u00e1s! Aumenta Tus Ventas Y Obt\u00e9n Mas Control. Pruebalo Gratis 28 D\u00edas Hoy!\",\"breadcrumb\":{\"@id\":\"https:\/\/cizaro.com\/es\/pos-for-retail\/pos-for-fashion\/#breadcrumb\"},\"inLanguage\":\"es-ES\",\"potentialAction\":[{\"@type\":\"ReadAction\",\"target\":[\"https:\/\/cizaro.com\/es\/pos-for-retail\/pos-for-fashion\/\"]}]},{\"@type\":\"BreadcrumbList\",\"@id\":\"https:\/\/cizaro.com\/es\/pos-for-retail\/pos-for-fashion\/#breadcrumb\",\"itemListElement\":[{\"@type\":\"ListItem\",\"position\":1,\"name\":\"Home\",\"item\":\"https:\/\/cizaro.com\/es\/\"},{\"@type\":\"ListItem\",\"position\":2,\"name\":\"Punto de Venta Comercios\",\"item\":\"https:\/\/cizaro.com\/es\/pos-for-retail\/\"},{\"@type\":\"ListItem\",\"position\":3,\"name\":\"Sistema POS (PDV) para Tiendas de Ropa\"}]},{\"@type\":\"WebSite\",\"@id\":\"https:\/\/cizaro.com\/#website\",\"url\":\"https:\/\/cizaro.com\/\",\"name\":\"Cizaro Point of Sale Software: POS Software for Retail and Restaurant\",\"description\":\"Cizaro Company home page, professional POS solutions to boost business incomes\",\"potentialAction\":[{\"@type\":\"SearchAction\",\"target\":{\"@type\":\"EntryPoint\",\"urlTemplate\":\"https:\/\/cizaro.com\/?s={search_term_string}\"},\"query-input\":\"required name=search_term_string\"}],\"inLanguage\":\"es-ES\"}]}<\/script>\n<!-- \/ Yoast SEO plugin. -->","yoast_head_json":{"title":"Software Para Tiendas De Ropa & Moda | Cizaro","description":"Crece Tu Negocio Con Nuestro TPV Para Boutiques, Tiendas De Ropa, Zapaterias & M\u00e1s! Aumenta Tus Ventas Y Obt\u00e9n Mas Control. Pruebalo Gratis 28 D\u00edas Hoy!","robots":{"index":"index","follow":"follow","max-snippet":"max-snippet:-1","max-image-preview":"max-image-preview:large","max-video-preview":"max-video-preview:-1"},"canonical":"https:\/\/cizaro.com\/es\/pos-for-retail\/pos-for-fashion\/","schema":{"@context":"https:\/\/schema.org","@graph":[{"@type":"WebPage","@id":"https:\/\/cizaro.com\/es\/pos-for-retail\/pos-for-fashion\/","url":"https:\/\/cizaro.com\/es\/pos-for-retail\/pos-for-fashion\/","name":"Software Para Tiendas De Ropa & Moda | Cizaro","isPartOf":{"@id":"https:\/\/cizaro.com\/#website"},"datePublished":"2016-02-06T10:56:27+00:00","dateModified":"2019-04-03T14:23:01+00:00","description":"Crece Tu Negocio Con Nuestro TPV Para Boutiques, Tiendas De Ropa, Zapaterias & M\u00e1s! Aumenta Tus Ventas Y Obt\u00e9n Mas Control. Pruebalo Gratis 28 D\u00edas Hoy!","breadcrumb":{"@id":"https:\/\/cizaro.com\/es\/pos-for-retail\/pos-for-fashion\/#breadcrumb"},"inLanguage":"es-ES","potentialAction":[{"@type":"ReadAction","target":["https:\/\/cizaro.com\/es\/pos-for-retail\/pos-for-fashion\/"]}]},{"@type":"BreadcrumbList","@id":"https:\/\/cizaro.com\/es\/pos-for-retail\/pos-for-fashion\/#breadcrumb","itemListElement":[{"@type":"ListItem","position":1,"name":"Home","item":"https:\/\/cizaro.com\/es\/"},{"@type":"ListItem","position":2,"name":"Punto de Venta Comercios","item":"https:\/\/cizaro.com\/es\/pos-for-retail\/"},{"@type":"ListItem","position":3,"name":"Sistema POS (PDV) para Tiendas de Ropa"}]},{"@type":"WebSite","@id":"https:\/\/cizaro.com\/#website","url":"https:\/\/cizaro.com\/","name":"Cizaro Point of Sale Software: POS Software for Retail and Restaurant","description":"Cizaro Company home page, professional POS solutions to boost business incomes","potentialAction":[{"@type":"SearchAction","target":{"@type":"EntryPoint","urlTemplate":"https:\/\/cizaro.com\/?s={search_term_string}"},"query-input":"required name=search_term_string"}],"inLanguage":"es-ES"}]}},"_links":{"self":[{"href":"https:\/\/cizaro.com\/es\/wp-json\/wp\/v2\/pages\/1619"}],"collection":[{"href":"https:\/\/cizaro.com\/es\/wp-json\/wp\/v2\/pages"}],"about":[{"href":"https:\/\/cizaro.com\/es\/wp-json\/wp\/v2\/types\/page"}],"author":[{"embeddable":true,"href":"https:\/\/cizaro.com\/es\/wp-json\/wp\/v2\/users\/444"}],"replies":[{"embeddable":true,"href":"https:\/\/cizaro.com\/es\/wp-json\/wp\/v2\/comments?post=1619"}],"version-history":[{"count":0,"href":"https:\/\/cizaro.com\/es\/wp-json\/wp\/v2\/pages\/1619\/revisions"}],"up":[{"embeddable":true,"href":"https:\/\/cizaro.com\/es\/wp-json\/wp\/v2\/pages\/1613"}],"wp:attachment":[{"href":"https:\/\/cizaro.com\/es\/wp-json\/wp\/v2\/media?parent=1619"}],"curies":[{"name":"wp","href":"https:\/\/api.w.org\/{rel}","templated":true}]}}