
{"id":1621,"date":"2016-02-06T12:11:40","date_gmt":"2016-02-06T12:11:40","guid":{"rendered":"http:\/\/cizaro.development.kharkov.ua\/es\/products\/pos-for-retail\/mall-kiosk-pos-system-for-retail\/"},"modified":"2019-04-03T09:34:59","modified_gmt":"2019-04-03T14:34:59","slug":"mall-kiosk-pos-system-for-retail","status":"publish","type":"page","link":"https:\/\/cizaro.com\/es\/pos-for-retail\/mall-kiosk-pos-system-for-retail\/","title":{"rendered":"Sistema POS (PDV) para Minoristas &#8211; Carros de Centro Comercial y Quioscos"},"content":{"rendered":"<p>Nuestro Punto de Ventas para Quioscos de Centros Comerciales se ajusta al tama\u00f1o cambiante de su empresa para mantener una combinaci\u00f3n perfecta a medida que su negocio crece. Incremente sus ventas con la pericia de nuestras caracter\u00edsticas de an\u00e1lisis y estad\u00edstica.<\/p>\n<p><\/p>","protected":false},"excerpt":{"rendered":"<p>Nuestro Punto de Ventas para Quioscos de Centros Comerciales se ajusta al tama\u00f1o cambiante de su empresa para mantener una combinaci\u00f3n perfecta a medida que su negocio crece. Incremente sus ventas con la pericia de nuestras caracter\u00edsticas de an\u00e1lisis y estad\u00edstica.<\/p>\n","protected":false},"author":444,"featured_media":0,"parent":1613,"menu_order":0,"comment_status":"closed","ping_status":"closed","template":"page-beauty-and-hair.php","meta":{"_acf_changed":false,"footnotes":""},"acf":[],"yoast_head":"<!-- This site is optimized with the Yoast SEO plugin v22.9 - https:\/\/yoast.com\/wordpress\/plugins\/seo\/ -->\n<title>Software Para Kioscos | Cizaro<\/title>\n<meta name=\"description\" content=\"Adquiere El Software Para Kioscos Que Te Ayuda A Crecer Tu Negocio. Basado En La Nube Y F\u00e1cil De Usar. Pruebalo 28 D\u00edas Hoy!\" \/>\n<meta name=\"robots\" content=\"index, follow, max-snippet:-1, max-image-preview:large, max-video-preview:-1\" \/>\n<link rel=\"canonical\" href=\"https:\/\/cizaro.com\/es\/pos-for-retail\/mall-kiosk-pos-system-for-retail\/\" \/>\n<script type=\"application\/ld+json\" class=\"yoast-schema-graph\">{\"@context\":\"https:\/\/schema.org\",\"@graph\":[{\"@type\":\"WebPage\",\"@id\":\"https:\/\/cizaro.com\/es\/pos-for-retail\/mall-kiosk-pos-system-for-retail\/\",\"url\":\"https:\/\/cizaro.com\/es\/pos-for-retail\/mall-kiosk-pos-system-for-retail\/\",\"name\":\"Software Para Kioscos | Cizaro\",\"isPartOf\":{\"@id\":\"https:\/\/cizaro.com\/#website\"},\"datePublished\":\"2016-02-06T12:11:40+00:00\",\"dateModified\":\"2019-04-03T14:34:59+00:00\",\"description\":\"Adquiere El Software Para Kioscos Que Te Ayuda A Crecer Tu Negocio. Basado En La Nube Y F\u00e1cil De Usar. Pruebalo 28 D\u00edas Hoy!\",\"breadcrumb\":{\"@id\":\"https:\/\/cizaro.com\/es\/pos-for-retail\/mall-kiosk-pos-system-for-retail\/#breadcrumb\"},\"inLanguage\":\"es-ES\",\"potentialAction\":[{\"@type\":\"ReadAction\",\"target\":[\"https:\/\/cizaro.com\/es\/pos-for-retail\/mall-kiosk-pos-system-for-retail\/\"]}]},{\"@type\":\"BreadcrumbList\",\"@id\":\"https:\/\/cizaro.com\/es\/pos-for-retail\/mall-kiosk-pos-system-for-retail\/#breadcrumb\",\"itemListElement\":[{\"@type\":\"ListItem\",\"position\":1,\"name\":\"Home\",\"item\":\"https:\/\/cizaro.com\/es\/\"},{\"@type\":\"ListItem\",\"position\":2,\"name\":\"Punto de Venta Comercios\",\"item\":\"https:\/\/cizaro.com\/es\/pos-for-retail\/\"},{\"@type\":\"ListItem\",\"position\":3,\"name\":\"Sistema POS (PDV) para Minoristas &#8211; Carros de Centro Comercial y Quioscos\"}]},{\"@type\":\"WebSite\",\"@id\":\"https:\/\/cizaro.com\/#website\",\"url\":\"https:\/\/cizaro.com\/\",\"name\":\"Cizaro Point of Sale Software: POS Software for Retail and Restaurant\",\"description\":\"Cizaro Company home page, professional POS solutions to boost business incomes\",\"potentialAction\":[{\"@type\":\"SearchAction\",\"target\":{\"@type\":\"EntryPoint\",\"urlTemplate\":\"https:\/\/cizaro.com\/?s={search_term_string}\"},\"query-input\":\"required name=search_term_string\"}],\"inLanguage\":\"es-ES\"}]}<\/script>\n<!-- \/ Yoast SEO plugin. -->","yoast_head_json":{"title":"Software Para Kioscos | Cizaro","description":"Adquiere El Software Para Kioscos Que Te Ayuda A Crecer Tu Negocio. Basado En La Nube Y F\u00e1cil De Usar. Pruebalo 28 D\u00edas Hoy!","robots":{"index":"index","follow":"follow","max-snippet":"max-snippet:-1","max-image-preview":"max-image-preview:large","max-video-preview":"max-video-preview:-1"},"canonical":"https:\/\/cizaro.com\/es\/pos-for-retail\/mall-kiosk-pos-system-for-retail\/","schema":{"@context":"https:\/\/schema.org","@graph":[{"@type":"WebPage","@id":"https:\/\/cizaro.com\/es\/pos-for-retail\/mall-kiosk-pos-system-for-retail\/","url":"https:\/\/cizaro.com\/es\/pos-for-retail\/mall-kiosk-pos-system-for-retail\/","name":"Software Para Kioscos | Cizaro","isPartOf":{"@id":"https:\/\/cizaro.com\/#website"},"datePublished":"2016-02-06T12:11:40+00:00","dateModified":"2019-04-03T14:34:59+00:00","description":"Adquiere El Software Para Kioscos Que Te Ayuda A Crecer Tu Negocio. Basado En La Nube Y F\u00e1cil De Usar. Pruebalo 28 D\u00edas Hoy!","breadcrumb":{"@id":"https:\/\/cizaro.com\/es\/pos-for-retail\/mall-kiosk-pos-system-for-retail\/#breadcrumb"},"inLanguage":"es-ES","potentialAction":[{"@type":"ReadAction","target":["https:\/\/cizaro.com\/es\/pos-for-retail\/mall-kiosk-pos-system-for-retail\/"]}]},{"@type":"BreadcrumbList","@id":"https:\/\/cizaro.com\/es\/pos-for-retail\/mall-kiosk-pos-system-for-retail\/#breadcrumb","itemListElement":[{"@type":"ListItem","position":1,"name":"Home","item":"https:\/\/cizaro.com\/es\/"},{"@type":"ListItem","position":2,"name":"Punto de Venta Comercios","item":"https:\/\/cizaro.com\/es\/pos-for-retail\/"},{"@type":"ListItem","position":3,"name":"Sistema POS (PDV) para Minoristas &#8211; Carros de Centro Comercial y Quioscos"}]},{"@type":"WebSite","@id":"https:\/\/cizaro.com\/#website","url":"https:\/\/cizaro.com\/","name":"Cizaro Point of Sale Software: POS Software for Retail and Restaurant","description":"Cizaro Company home page, professional POS solutions to boost business incomes","potentialAction":[{"@type":"SearchAction","target":{"@type":"EntryPoint","urlTemplate":"https:\/\/cizaro.com\/?s={search_term_string}"},"query-input":"required name=search_term_string"}],"inLanguage":"es-ES"}]}},"_links":{"self":[{"href":"https:\/\/cizaro.com\/es\/wp-json\/wp\/v2\/pages\/1621"}],"collection":[{"href":"https:\/\/cizaro.com\/es\/wp-json\/wp\/v2\/pages"}],"about":[{"href":"https:\/\/cizaro.com\/es\/wp-json\/wp\/v2\/types\/page"}],"author":[{"embeddable":true,"href":"https:\/\/cizaro.com\/es\/wp-json\/wp\/v2\/users\/444"}],"replies":[{"embeddable":true,"href":"https:\/\/cizaro.com\/es\/wp-json\/wp\/v2\/comments?post=1621"}],"version-history":[{"count":0,"href":"https:\/\/cizaro.com\/es\/wp-json\/wp\/v2\/pages\/1621\/revisions"}],"up":[{"embeddable":true,"href":"https:\/\/cizaro.com\/es\/wp-json\/wp\/v2\/pages\/1613"}],"wp:attachment":[{"href":"https:\/\/cizaro.com\/es\/wp-json\/wp\/v2\/media?parent=1621"}],"curies":[{"name":"wp","href":"https:\/\/api.w.org\/{rel}","templated":true}]}}