
{"id":1625,"date":"2015-12-11T11:30:26","date_gmt":"2015-12-11T11:30:26","guid":{"rendered":"http:\/\/cizaro.development.kharkov.ua\/es\/products\/pos-for-retail\/pos-for-specialized-markets\/"},"modified":"2019-04-03T09:31:47","modified_gmt":"2019-04-03T14:31:47","slug":"pos-for-specialized-markets","status":"publish","type":"page","link":"https:\/\/cizaro.com\/es\/pos-for-retail\/pos-for-specialized-markets\/","title":{"rendered":"POS para mercados Especiales"},"content":{"rendered":"<h2>Mejore su negocio con nuestro POS (PDV) inteligente que se ajusta a sus necesidades<\/h2>\n<p><\/p>","protected":false},"excerpt":{"rendered":"<p>Mejore su negocio con nuestro POS (PDV) inteligente que se ajusta a sus necesidades<\/p>\n","protected":false},"author":444,"featured_media":0,"parent":1613,"menu_order":0,"comment_status":"closed","ping_status":"closed","template":"pos-for-electronics.php","meta":{"_acf_changed":false,"footnotes":""},"acf":[],"yoast_head":"<!-- This site is optimized with the Yoast SEO plugin v22.9 - https:\/\/yoast.com\/wordpress\/plugins\/seo\/ -->\n<title>Punto De Venta Para Mercados Especializados | Cizaro<\/title>\n<meta name=\"description\" content=\"Adquiere El Punto De Venta Que Se Adapta A Tu Negocio. Ideal Para Mercados Especializados Como Licorer\u00edas, Librer\u00edas, Joyer\u00edas &amp; M\u00e1s. Pruebalo Gratis Hoy!\" \/>\n<meta name=\"robots\" content=\"index, follow, max-snippet:-1, max-image-preview:large, max-video-preview:-1\" \/>\n<link rel=\"canonical\" href=\"https:\/\/cizaro.com\/es\/pos-for-retail\/pos-for-specialized-markets\/\" \/>\n<script type=\"application\/ld+json\" class=\"yoast-schema-graph\">{\"@context\":\"https:\/\/schema.org\",\"@graph\":[{\"@type\":\"WebPage\",\"@id\":\"https:\/\/cizaro.com\/es\/pos-for-retail\/pos-for-specialized-markets\/\",\"url\":\"https:\/\/cizaro.com\/es\/pos-for-retail\/pos-for-specialized-markets\/\",\"name\":\"Punto De Venta Para Mercados Especializados | Cizaro\",\"isPartOf\":{\"@id\":\"https:\/\/cizaro.com\/#website\"},\"datePublished\":\"2015-12-11T11:30:26+00:00\",\"dateModified\":\"2019-04-03T14:31:47+00:00\",\"description\":\"Adquiere El Punto De Venta Que Se Adapta A Tu Negocio. Ideal Para Mercados Especializados Como Licorer\u00edas, Librer\u00edas, Joyer\u00edas & M\u00e1s. Pruebalo Gratis Hoy!\",\"breadcrumb\":{\"@id\":\"https:\/\/cizaro.com\/es\/pos-for-retail\/pos-for-specialized-markets\/#breadcrumb\"},\"inLanguage\":\"es-ES\",\"potentialAction\":[{\"@type\":\"ReadAction\",\"target\":[\"https:\/\/cizaro.com\/es\/pos-for-retail\/pos-for-specialized-markets\/\"]}]},{\"@type\":\"BreadcrumbList\",\"@id\":\"https:\/\/cizaro.com\/es\/pos-for-retail\/pos-for-specialized-markets\/#breadcrumb\",\"itemListElement\":[{\"@type\":\"ListItem\",\"position\":1,\"name\":\"Home\",\"item\":\"https:\/\/cizaro.com\/es\/\"},{\"@type\":\"ListItem\",\"position\":2,\"name\":\"Punto de Venta Comercios\",\"item\":\"https:\/\/cizaro.com\/es\/pos-for-retail\/\"},{\"@type\":\"ListItem\",\"position\":3,\"name\":\"POS para mercados Especiales\"}]},{\"@type\":\"WebSite\",\"@id\":\"https:\/\/cizaro.com\/#website\",\"url\":\"https:\/\/cizaro.com\/\",\"name\":\"Cizaro Point of Sale Software: POS Software for Retail and Restaurant\",\"description\":\"Cizaro Company home page, professional POS solutions to boost business incomes\",\"potentialAction\":[{\"@type\":\"SearchAction\",\"target\":{\"@type\":\"EntryPoint\",\"urlTemplate\":\"https:\/\/cizaro.com\/?s={search_term_string}\"},\"query-input\":\"required name=search_term_string\"}],\"inLanguage\":\"es-ES\"}]}<\/script>\n<!-- \/ Yoast SEO plugin. -->","yoast_head_json":{"title":"Punto De Venta Para Mercados Especializados | Cizaro","description":"Adquiere El Punto De Venta Que Se Adapta A Tu Negocio. Ideal Para Mercados Especializados Como Licorer\u00edas, Librer\u00edas, Joyer\u00edas & M\u00e1s. Pruebalo Gratis Hoy!","robots":{"index":"index","follow":"follow","max-snippet":"max-snippet:-1","max-image-preview":"max-image-preview:large","max-video-preview":"max-video-preview:-1"},"canonical":"https:\/\/cizaro.com\/es\/pos-for-retail\/pos-for-specialized-markets\/","schema":{"@context":"https:\/\/schema.org","@graph":[{"@type":"WebPage","@id":"https:\/\/cizaro.com\/es\/pos-for-retail\/pos-for-specialized-markets\/","url":"https:\/\/cizaro.com\/es\/pos-for-retail\/pos-for-specialized-markets\/","name":"Punto De Venta Para Mercados Especializados | Cizaro","isPartOf":{"@id":"https:\/\/cizaro.com\/#website"},"datePublished":"2015-12-11T11:30:26+00:00","dateModified":"2019-04-03T14:31:47+00:00","description":"Adquiere El Punto De Venta Que Se Adapta A Tu Negocio. Ideal Para Mercados Especializados Como Licorer\u00edas, Librer\u00edas, Joyer\u00edas & M\u00e1s. Pruebalo Gratis Hoy!","breadcrumb":{"@id":"https:\/\/cizaro.com\/es\/pos-for-retail\/pos-for-specialized-markets\/#breadcrumb"},"inLanguage":"es-ES","potentialAction":[{"@type":"ReadAction","target":["https:\/\/cizaro.com\/es\/pos-for-retail\/pos-for-specialized-markets\/"]}]},{"@type":"BreadcrumbList","@id":"https:\/\/cizaro.com\/es\/pos-for-retail\/pos-for-specialized-markets\/#breadcrumb","itemListElement":[{"@type":"ListItem","position":1,"name":"Home","item":"https:\/\/cizaro.com\/es\/"},{"@type":"ListItem","position":2,"name":"Punto de Venta Comercios","item":"https:\/\/cizaro.com\/es\/pos-for-retail\/"},{"@type":"ListItem","position":3,"name":"POS para mercados Especiales"}]},{"@type":"WebSite","@id":"https:\/\/cizaro.com\/#website","url":"https:\/\/cizaro.com\/","name":"Cizaro Point of Sale Software: POS Software for Retail and Restaurant","description":"Cizaro Company home page, professional POS solutions to boost business incomes","potentialAction":[{"@type":"SearchAction","target":{"@type":"EntryPoint","urlTemplate":"https:\/\/cizaro.com\/?s={search_term_string}"},"query-input":"required name=search_term_string"}],"inLanguage":"es-ES"}]}},"_links":{"self":[{"href":"https:\/\/cizaro.com\/es\/wp-json\/wp\/v2\/pages\/1625"}],"collection":[{"href":"https:\/\/cizaro.com\/es\/wp-json\/wp\/v2\/pages"}],"about":[{"href":"https:\/\/cizaro.com\/es\/wp-json\/wp\/v2\/types\/page"}],"author":[{"embeddable":true,"href":"https:\/\/cizaro.com\/es\/wp-json\/wp\/v2\/users\/444"}],"replies":[{"embeddable":true,"href":"https:\/\/cizaro.com\/es\/wp-json\/wp\/v2\/comments?post=1625"}],"version-history":[{"count":0,"href":"https:\/\/cizaro.com\/es\/wp-json\/wp\/v2\/pages\/1625\/revisions"}],"up":[{"embeddable":true,"href":"https:\/\/cizaro.com\/es\/wp-json\/wp\/v2\/pages\/1613"}],"wp:attachment":[{"href":"https:\/\/cizaro.com\/es\/wp-json\/wp\/v2\/media?parent=1625"}],"curies":[{"name":"wp","href":"https:\/\/api.w.org\/{rel}","templated":true}]}}