
{"id":1629,"date":"2015-12-01T11:24:38","date_gmt":"2015-12-01T11:24:38","guid":{"rendered":"http:\/\/cizaro.development.kharkov.ua\/es\/products\/pos-label\/"},"modified":"2019-04-03T09:43:14","modified_gmt":"2019-04-03T14:43:14","slug":"pos-label","status":"publish","type":"page","link":"https:\/\/cizaro.com\/es\/pos-label\/","title":{"rendered":"Su propia marca de POS"},"content":{"rendered":"<h4>Para esas empresas que quieren desarrollar su propia identidad, Cizaro ofrece un enfoque individual para crear dise\u00f1os \u00fanicos en la interfaz y en el contenido gr\u00e1fico para cada marca. Nuestro POS se ajusta personalmente para incorporar su marca para la completa integraci\u00f3n de nuestra tecnolog\u00eda con su marca.<\/h4>\n<h4>Usted puede confiar en esta soluci\u00f3n como el aliado\u00a0ideal para sus empleados y beneficiarse de nuestra experiencia sin gastar tiempo y dinero en desarrollar su propio sistema. El software POS y ERP es a lo que dedicamos el trabajo de nuestra vida, y as\u00ed puede aprovecharse de la innovaci\u00f3n tecnol\u00f3gica mientras se centra en construir su propia capacidad n\u00facleo de negocio.<\/h4>\n<p><\/p>","protected":false},"excerpt":{"rendered":"<p>Para esas empresas que quieren desarrollar su propia identidad, Cizaro ofrece un enfoque individual para crear dise\u00f1os \u00fanicos en la interfaz y en el contenido gr\u00e1fico para cada marca. Nuestro POS se ajusta personalmente para incorporar su marca para la completa integraci\u00f3n de nuestra tecnolog\u00eda con su marca. Usted puede confiar en esta soluci\u00f3n como &hellip; <a href=\"https:\/\/cizaro.com\/es\/pos-label\/\" class=\"more-link\">Continue reading <span class=\"screen-reader-text\">Su propia marca de POS<\/span> <span class=\"meta-nav\">&rarr;<\/span><\/a><\/p>\n","protected":false},"author":444,"featured_media":0,"parent":0,"menu_order":0,"comment_status":"closed","ping_status":"closed","template":"fullscreen.php","meta":{"_acf_changed":false,"footnotes":""},"acf":[],"yoast_head":"<!-- This site is optimized with the Yoast SEO plugin v22.9 - https:\/\/yoast.com\/wordpress\/plugins\/seo\/ -->\n<title>Customized POS Labels, Retail Brand Awareness - Cizaro POS<\/title>\n<meta name=\"description\" content=\"Cizaro Point Of Sale Offers Increased Retail Brand Awareness With Customized POS Labels. Start Building Your Brand Today! Try Cizaro For FREE.\" \/>\n<meta name=\"robots\" content=\"index, follow, max-snippet:-1, max-image-preview:large, max-video-preview:-1\" \/>\n<link rel=\"canonical\" href=\"https:\/\/cizaro.com\/es\/features\/pos-label\/\" \/>\n<meta name=\"twitter:label1\" content=\"Tiempo de lectura\" \/>\n\t<meta name=\"twitter:data1\" content=\"1 minute\" \/>\n<script type=\"application\/ld+json\" class=\"yoast-schema-graph\">{\"@context\":\"https:\/\/schema.org\",\"@graph\":[{\"@type\":\"WebPage\",\"@id\":\"https:\/\/cizaro.com\/es\/features\/pos-label\/\",\"url\":\"https:\/\/cizaro.com\/es\/features\/pos-label\/\",\"name\":\"Customized POS Labels, Retail Brand Awareness - Cizaro POS\",\"isPartOf\":{\"@id\":\"https:\/\/cizaro.com\/#website\"},\"datePublished\":\"2015-12-01T11:24:38+00:00\",\"dateModified\":\"2019-04-03T14:43:14+00:00\",\"description\":\"Cizaro Point Of Sale Offers Increased Retail Brand Awareness With Customized POS Labels. Start Building Your Brand Today! Try Cizaro For FREE.\",\"breadcrumb\":{\"@id\":\"https:\/\/cizaro.com\/es\/features\/pos-label\/#breadcrumb\"},\"inLanguage\":\"es-ES\",\"potentialAction\":[{\"@type\":\"ReadAction\",\"target\":[\"https:\/\/cizaro.com\/es\/features\/pos-label\/\"]}]},{\"@type\":\"BreadcrumbList\",\"@id\":\"https:\/\/cizaro.com\/es\/features\/pos-label\/#breadcrumb\",\"itemListElement\":[{\"@type\":\"ListItem\",\"position\":1,\"name\":\"Home\",\"item\":\"https:\/\/cizaro.com\/es\/\"},{\"@type\":\"ListItem\",\"position\":2,\"name\":\"Caracteristicas\",\"item\":\"https:\/\/cizaro.com\/es\/features\/\"},{\"@type\":\"ListItem\",\"position\":3,\"name\":\"Su propia marca de POS\"}]},{\"@type\":\"WebSite\",\"@id\":\"https:\/\/cizaro.com\/#website\",\"url\":\"https:\/\/cizaro.com\/\",\"name\":\"Cizaro Point of Sale Software: POS Software for Retail and Restaurant\",\"description\":\"Cizaro Company home page, professional POS solutions to boost business incomes\",\"potentialAction\":[{\"@type\":\"SearchAction\",\"target\":{\"@type\":\"EntryPoint\",\"urlTemplate\":\"https:\/\/cizaro.com\/?s={search_term_string}\"},\"query-input\":\"required name=search_term_string\"}],\"inLanguage\":\"es-ES\"}]}<\/script>\n<!-- \/ Yoast SEO plugin. -->","yoast_head_json":{"title":"Customized POS Labels, Retail Brand Awareness - Cizaro POS","description":"Cizaro Point Of Sale Offers Increased Retail Brand Awareness With Customized POS Labels. Start Building Your Brand Today! Try Cizaro For FREE.","robots":{"index":"index","follow":"follow","max-snippet":"max-snippet:-1","max-image-preview":"max-image-preview:large","max-video-preview":"max-video-preview:-1"},"canonical":"https:\/\/cizaro.com\/es\/features\/pos-label\/","twitter_misc":{"Tiempo de lectura":"1 minute"},"schema":{"@context":"https:\/\/schema.org","@graph":[{"@type":"WebPage","@id":"https:\/\/cizaro.com\/es\/features\/pos-label\/","url":"https:\/\/cizaro.com\/es\/features\/pos-label\/","name":"Customized POS Labels, Retail Brand Awareness - Cizaro POS","isPartOf":{"@id":"https:\/\/cizaro.com\/#website"},"datePublished":"2015-12-01T11:24:38+00:00","dateModified":"2019-04-03T14:43:14+00:00","description":"Cizaro Point Of Sale Offers Increased Retail Brand Awareness With Customized POS Labels. Start Building Your Brand Today! Try Cizaro For FREE.","breadcrumb":{"@id":"https:\/\/cizaro.com\/es\/features\/pos-label\/#breadcrumb"},"inLanguage":"es-ES","potentialAction":[{"@type":"ReadAction","target":["https:\/\/cizaro.com\/es\/features\/pos-label\/"]}]},{"@type":"BreadcrumbList","@id":"https:\/\/cizaro.com\/es\/features\/pos-label\/#breadcrumb","itemListElement":[{"@type":"ListItem","position":1,"name":"Home","item":"https:\/\/cizaro.com\/es\/"},{"@type":"ListItem","position":2,"name":"Caracteristicas","item":"https:\/\/cizaro.com\/es\/features\/"},{"@type":"ListItem","position":3,"name":"Su propia marca de POS"}]},{"@type":"WebSite","@id":"https:\/\/cizaro.com\/#website","url":"https:\/\/cizaro.com\/","name":"Cizaro Point of Sale Software: POS Software for Retail and Restaurant","description":"Cizaro Company home page, professional POS solutions to boost business incomes","potentialAction":[{"@type":"SearchAction","target":{"@type":"EntryPoint","urlTemplate":"https:\/\/cizaro.com\/?s={search_term_string}"},"query-input":"required name=search_term_string"}],"inLanguage":"es-ES"}]}},"_links":{"self":[{"href":"https:\/\/cizaro.com\/es\/wp-json\/wp\/v2\/pages\/1629"}],"collection":[{"href":"https:\/\/cizaro.com\/es\/wp-json\/wp\/v2\/pages"}],"about":[{"href":"https:\/\/cizaro.com\/es\/wp-json\/wp\/v2\/types\/page"}],"author":[{"embeddable":true,"href":"https:\/\/cizaro.com\/es\/wp-json\/wp\/v2\/users\/444"}],"replies":[{"embeddable":true,"href":"https:\/\/cizaro.com\/es\/wp-json\/wp\/v2\/comments?post=1629"}],"version-history":[{"count":0,"href":"https:\/\/cizaro.com\/es\/wp-json\/wp\/v2\/pages\/1629\/revisions"}],"wp:attachment":[{"href":"https:\/\/cizaro.com\/es\/wp-json\/wp\/v2\/media?parent=1629"}],"curies":[{"name":"wp","href":"https:\/\/api.w.org\/{rel}","templated":true}]}}