
{"id":1631,"date":"2015-12-01T11:38:12","date_gmt":"2015-12-01T11:38:12","guid":{"rendered":"http:\/\/cizaro.development.kharkov.ua\/es\/products\/hybrid-saas\/"},"modified":"2019-04-03T09:41:27","modified_gmt":"2019-04-03T14:41:27","slug":"hybrid-saas","status":"publish","type":"page","link":"https:\/\/cizaro.com\/es\/hybrid-saas\/","title":{"rendered":"Soluciones SaaS h\u00edbridas"},"content":{"rendered":"<h4>Somos una de los primeros fabricantes de ERP y POS en proveer la perfecta fusi\u00f3n de &#8216;Software como servicio'(SaaS) basado en cloud con las soluciones On-premise. Esto permite un flujo de datos r\u00e1pido y sin restricciones entre diferentes oficinas permitiendo informes que consolidan la informaci\u00f3n del cloud y los servidores locales.<\/h4>\n<h4>Las soluciones h\u00edbridas ofrecen la posibilidad de mantener parte o toda la informaci\u00f3n protegida dentro de la red dom\u00e9stica, incrementando su privacidad.<\/h4>\n<h4>Cizaro conecta a varios tipos de bases de datos como Oracle, MySQL, MS SQL, SQLite, MS Access, Azure y otros dentro de su Intranet (internet organizaci\u00f3n local).<\/h4>\n<p><\/p>","protected":false},"excerpt":{"rendered":"<p>Somos una de los primeros fabricantes de ERP y POS en proveer la perfecta fusi\u00f3n de &#8216;Software como servicio'(SaaS) basado en cloud con las soluciones On-premise. Esto permite un flujo de datos r\u00e1pido y sin restricciones entre diferentes oficinas permitiendo informes que consolidan la informaci\u00f3n del cloud y los servidores locales. Las soluciones h\u00edbridas ofrecen &hellip; <a href=\"https:\/\/cizaro.com\/es\/hybrid-saas\/\" class=\"more-link\">Continue reading <span class=\"screen-reader-text\">Soluciones SaaS h\u00edbridas<\/span> <span class=\"meta-nav\">&rarr;<\/span><\/a><\/p>\n","protected":false},"author":444,"featured_media":0,"parent":0,"menu_order":0,"comment_status":"closed","ping_status":"closed","template":"fullscreen.php","meta":{"_acf_changed":false,"footnotes":""},"acf":[],"yoast_head":"<!-- This site is optimized with the Yoast SEO plugin v22.9 - https:\/\/yoast.com\/wordpress\/plugins\/seo\/ -->\n<title>Software SaaS | Soluciones De Nube H\u00edbridas | Cizaro<\/title>\n<meta name=\"description\" content=\"Software SaaS H\u00edbrida Te Ofrece La Combinaci\u00f3n Ideal De Servicio En La Nube Privada &amp; P\u00fablica. Flujo De Datos R\u00e1pido &amp; Alta Privacidad. Pruebalo Gratis Hoy!\" \/>\n<meta name=\"robots\" content=\"index, follow, max-snippet:-1, max-image-preview:large, max-video-preview:-1\" \/>\n<link rel=\"canonical\" href=\"https:\/\/cizaro.com\/es\/features\/hybrid-saas\/\" \/>\n<meta name=\"twitter:label1\" content=\"Tiempo de lectura\" \/>\n\t<meta name=\"twitter:data1\" content=\"1 minute\" \/>\n<script type=\"application\/ld+json\" class=\"yoast-schema-graph\">{\"@context\":\"https:\/\/schema.org\",\"@graph\":[{\"@type\":\"WebPage\",\"@id\":\"https:\/\/cizaro.com\/es\/features\/hybrid-saas\/\",\"url\":\"https:\/\/cizaro.com\/es\/features\/hybrid-saas\/\",\"name\":\"Software SaaS | Soluciones De Nube H\u00edbridas | Cizaro\",\"isPartOf\":{\"@id\":\"https:\/\/cizaro.com\/#website\"},\"datePublished\":\"2015-12-01T11:38:12+00:00\",\"dateModified\":\"2019-04-03T14:41:27+00:00\",\"description\":\"Software SaaS H\u00edbrida Te Ofrece La Combinaci\u00f3n Ideal De Servicio En La Nube Privada & P\u00fablica. Flujo De Datos R\u00e1pido & Alta Privacidad. Pruebalo Gratis Hoy!\",\"breadcrumb\":{\"@id\":\"https:\/\/cizaro.com\/es\/features\/hybrid-saas\/#breadcrumb\"},\"inLanguage\":\"es-ES\",\"potentialAction\":[{\"@type\":\"ReadAction\",\"target\":[\"https:\/\/cizaro.com\/es\/features\/hybrid-saas\/\"]}]},{\"@type\":\"BreadcrumbList\",\"@id\":\"https:\/\/cizaro.com\/es\/features\/hybrid-saas\/#breadcrumb\",\"itemListElement\":[{\"@type\":\"ListItem\",\"position\":1,\"name\":\"Home\",\"item\":\"https:\/\/cizaro.com\/es\/\"},{\"@type\":\"ListItem\",\"position\":2,\"name\":\"Caracteristicas\",\"item\":\"https:\/\/cizaro.com\/es\/features\/\"},{\"@type\":\"ListItem\",\"position\":3,\"name\":\"Soluciones SaaS h\u00edbridas\"}]},{\"@type\":\"WebSite\",\"@id\":\"https:\/\/cizaro.com\/#website\",\"url\":\"https:\/\/cizaro.com\/\",\"name\":\"Cizaro Point of Sale Software: POS Software for Retail and Restaurant\",\"description\":\"Cizaro Company home page, professional POS solutions to boost business incomes\",\"potentialAction\":[{\"@type\":\"SearchAction\",\"target\":{\"@type\":\"EntryPoint\",\"urlTemplate\":\"https:\/\/cizaro.com\/?s={search_term_string}\"},\"query-input\":\"required name=search_term_string\"}],\"inLanguage\":\"es-ES\"}]}<\/script>\n<!-- \/ Yoast SEO plugin. -->","yoast_head_json":{"title":"Software SaaS | Soluciones De Nube H\u00edbridas | Cizaro","description":"Software SaaS H\u00edbrida Te Ofrece La Combinaci\u00f3n Ideal De Servicio En La Nube Privada & P\u00fablica. Flujo De Datos R\u00e1pido & Alta Privacidad. Pruebalo Gratis Hoy!","robots":{"index":"index","follow":"follow","max-snippet":"max-snippet:-1","max-image-preview":"max-image-preview:large","max-video-preview":"max-video-preview:-1"},"canonical":"https:\/\/cizaro.com\/es\/features\/hybrid-saas\/","twitter_misc":{"Tiempo de lectura":"1 minute"},"schema":{"@context":"https:\/\/schema.org","@graph":[{"@type":"WebPage","@id":"https:\/\/cizaro.com\/es\/features\/hybrid-saas\/","url":"https:\/\/cizaro.com\/es\/features\/hybrid-saas\/","name":"Software SaaS | Soluciones De Nube H\u00edbridas | Cizaro","isPartOf":{"@id":"https:\/\/cizaro.com\/#website"},"datePublished":"2015-12-01T11:38:12+00:00","dateModified":"2019-04-03T14:41:27+00:00","description":"Software SaaS H\u00edbrida Te Ofrece La Combinaci\u00f3n Ideal De Servicio En La Nube Privada & P\u00fablica. Flujo De Datos R\u00e1pido & Alta Privacidad. Pruebalo Gratis Hoy!","breadcrumb":{"@id":"https:\/\/cizaro.com\/es\/features\/hybrid-saas\/#breadcrumb"},"inLanguage":"es-ES","potentialAction":[{"@type":"ReadAction","target":["https:\/\/cizaro.com\/es\/features\/hybrid-saas\/"]}]},{"@type":"BreadcrumbList","@id":"https:\/\/cizaro.com\/es\/features\/hybrid-saas\/#breadcrumb","itemListElement":[{"@type":"ListItem","position":1,"name":"Home","item":"https:\/\/cizaro.com\/es\/"},{"@type":"ListItem","position":2,"name":"Caracteristicas","item":"https:\/\/cizaro.com\/es\/features\/"},{"@type":"ListItem","position":3,"name":"Soluciones SaaS h\u00edbridas"}]},{"@type":"WebSite","@id":"https:\/\/cizaro.com\/#website","url":"https:\/\/cizaro.com\/","name":"Cizaro Point of Sale Software: POS Software for Retail and Restaurant","description":"Cizaro Company home page, professional POS solutions to boost business incomes","potentialAction":[{"@type":"SearchAction","target":{"@type":"EntryPoint","urlTemplate":"https:\/\/cizaro.com\/?s={search_term_string}"},"query-input":"required name=search_term_string"}],"inLanguage":"es-ES"}]}},"_links":{"self":[{"href":"https:\/\/cizaro.com\/es\/wp-json\/wp\/v2\/pages\/1631"}],"collection":[{"href":"https:\/\/cizaro.com\/es\/wp-json\/wp\/v2\/pages"}],"about":[{"href":"https:\/\/cizaro.com\/es\/wp-json\/wp\/v2\/types\/page"}],"author":[{"embeddable":true,"href":"https:\/\/cizaro.com\/es\/wp-json\/wp\/v2\/users\/444"}],"replies":[{"embeddable":true,"href":"https:\/\/cizaro.com\/es\/wp-json\/wp\/v2\/comments?post=1631"}],"version-history":[{"count":0,"href":"https:\/\/cizaro.com\/es\/wp-json\/wp\/v2\/pages\/1631\/revisions"}],"wp:attachment":[{"href":"https:\/\/cizaro.com\/es\/wp-json\/wp\/v2\/media?parent=1631"}],"curies":[{"name":"wp","href":"https:\/\/api.w.org\/{rel}","templated":true}]}}