
{"id":1638,"date":"2015-12-11T11:31:33","date_gmt":"2015-12-11T11:31:33","guid":{"rendered":"http:\/\/cizaro.development.kharkov.ua\/es\/we-lift-you-to-the-cloud\/"},"modified":"2017-01-04T13:00:33","modified_gmt":"2017-01-04T13:00:33","slug":"we-lift-you-to-the-cloud","status":"publish","type":"page","link":"https:\/\/cizaro.com\/es\/we-lift-you-to-the-cloud\/","title":{"rendered":"Le elevamos a la <span class=\"specia-text\">nube <\/span>"},"content":{"rendered":"<h3><strong>Supervise todas las<\/strong> oficinas<strong> en el momento<\/strong><\/h3>\n<p>El sistema es adaptable para una ubicaci\u00f3n y tambi\u00e9n para una cadena que requiera una sincronizaci\u00f3n autom\u00e1tica y en tiempo real entre todos los departamentos. Vea y modifique los datos de cualquier art\u00edculo, empleado, oficina o la empresa entera para estar completamente a cargo.<\/p>\n<p><\/p>","protected":false},"excerpt":{"rendered":"<p>Supervise todas las oficinas en el momento El sistema es adaptable para una ubicaci\u00f3n y tambi\u00e9n para una cadena que requiera una sincronizaci\u00f3n autom\u00e1tica y en tiempo real entre todos los departamentos. Vea y modifique los datos de cualquier art\u00edculo, empleado, oficina o la empresa entera para estar completamente a cargo.<\/p>\n","protected":false},"author":444,"featured_media":0,"parent":0,"menu_order":0,"comment_status":"closed","ping_status":"closed","template":"","meta":{"_acf_changed":false,"footnotes":""},"acf":[],"yoast_head":"<!-- This site is optimized with the Yoast SEO plugin v22.9 - https:\/\/yoast.com\/wordpress\/plugins\/seo\/ -->\n<title>Le elevamos a la nube  - Cizaro Point of Sale Software: POS Software for Retail and Restaurant<\/title>\n<meta name=\"robots\" content=\"noindex, follow\" \/>\n<script type=\"application\/ld+json\" class=\"yoast-schema-graph\">{\"@context\":\"https:\/\/schema.org\",\"@graph\":[{\"@type\":\"WebPage\",\"@id\":\"https:\/\/cizaro.com\/es\/features\/we-lift-you-to-the-cloud\/\",\"url\":\"https:\/\/cizaro.com\/es\/features\/we-lift-you-to-the-cloud\/\",\"name\":\"Le elevamos a la nube - Cizaro Point of Sale Software: POS Software for Retail and Restaurant\",\"isPartOf\":{\"@id\":\"https:\/\/cizaro.com\/#website\"},\"datePublished\":\"2015-12-11T11:31:33+00:00\",\"dateModified\":\"2017-01-04T13:00:33+00:00\",\"breadcrumb\":{\"@id\":\"https:\/\/cizaro.com\/es\/features\/we-lift-you-to-the-cloud\/#breadcrumb\"},\"inLanguage\":\"es-ES\",\"potentialAction\":[{\"@type\":\"ReadAction\",\"target\":[\"https:\/\/cizaro.com\/es\/features\/we-lift-you-to-the-cloud\/\"]}]},{\"@type\":\"BreadcrumbList\",\"@id\":\"https:\/\/cizaro.com\/es\/features\/we-lift-you-to-the-cloud\/#breadcrumb\",\"itemListElement\":[{\"@type\":\"ListItem\",\"position\":1,\"name\":\"Home\",\"item\":\"https:\/\/cizaro.com\/es\/\"},{\"@type\":\"ListItem\",\"position\":2,\"name\":\"Caracteristicas\",\"item\":\"https:\/\/cizaro.com\/es\/features\/\"},{\"@type\":\"ListItem\",\"position\":3,\"name\":\"Le elevamos a la nube\"}]},{\"@type\":\"WebSite\",\"@id\":\"https:\/\/cizaro.com\/#website\",\"url\":\"https:\/\/cizaro.com\/\",\"name\":\"Cizaro Point of Sale Software: POS Software for Retail and Restaurant\",\"description\":\"Cizaro Company home page, professional POS solutions to boost business incomes\",\"potentialAction\":[{\"@type\":\"SearchAction\",\"target\":{\"@type\":\"EntryPoint\",\"urlTemplate\":\"https:\/\/cizaro.com\/?s={search_term_string}\"},\"query-input\":\"required name=search_term_string\"}],\"inLanguage\":\"es-ES\"}]}<\/script>\n<!-- \/ Yoast SEO plugin. -->","yoast_head_json":{"title":"Le elevamos a la nube  - Cizaro Point of Sale Software: POS Software for Retail and Restaurant","robots":{"index":"noindex","follow":"follow"},"schema":{"@context":"https:\/\/schema.org","@graph":[{"@type":"WebPage","@id":"https:\/\/cizaro.com\/es\/features\/we-lift-you-to-the-cloud\/","url":"https:\/\/cizaro.com\/es\/features\/we-lift-you-to-the-cloud\/","name":"Le elevamos a la nube - Cizaro Point of Sale Software: POS Software for Retail and Restaurant","isPartOf":{"@id":"https:\/\/cizaro.com\/#website"},"datePublished":"2015-12-11T11:31:33+00:00","dateModified":"2017-01-04T13:00:33+00:00","breadcrumb":{"@id":"https:\/\/cizaro.com\/es\/features\/we-lift-you-to-the-cloud\/#breadcrumb"},"inLanguage":"es-ES","potentialAction":[{"@type":"ReadAction","target":["https:\/\/cizaro.com\/es\/features\/we-lift-you-to-the-cloud\/"]}]},{"@type":"BreadcrumbList","@id":"https:\/\/cizaro.com\/es\/features\/we-lift-you-to-the-cloud\/#breadcrumb","itemListElement":[{"@type":"ListItem","position":1,"name":"Home","item":"https:\/\/cizaro.com\/es\/"},{"@type":"ListItem","position":2,"name":"Caracteristicas","item":"https:\/\/cizaro.com\/es\/features\/"},{"@type":"ListItem","position":3,"name":"Le elevamos a la nube"}]},{"@type":"WebSite","@id":"https:\/\/cizaro.com\/#website","url":"https:\/\/cizaro.com\/","name":"Cizaro Point of Sale Software: POS Software for Retail and Restaurant","description":"Cizaro Company home page, professional POS solutions to boost business incomes","potentialAction":[{"@type":"SearchAction","target":{"@type":"EntryPoint","urlTemplate":"https:\/\/cizaro.com\/?s={search_term_string}"},"query-input":"required name=search_term_string"}],"inLanguage":"es-ES"}]}},"_links":{"self":[{"href":"https:\/\/cizaro.com\/es\/wp-json\/wp\/v2\/pages\/1638"}],"collection":[{"href":"https:\/\/cizaro.com\/es\/wp-json\/wp\/v2\/pages"}],"about":[{"href":"https:\/\/cizaro.com\/es\/wp-json\/wp\/v2\/types\/page"}],"author":[{"embeddable":true,"href":"https:\/\/cizaro.com\/es\/wp-json\/wp\/v2\/users\/444"}],"replies":[{"embeddable":true,"href":"https:\/\/cizaro.com\/es\/wp-json\/wp\/v2\/comments?post=1638"}],"version-history":[{"count":0,"href":"https:\/\/cizaro.com\/es\/wp-json\/wp\/v2\/pages\/1638\/revisions"}],"wp:attachment":[{"href":"https:\/\/cizaro.com\/es\/wp-json\/wp\/v2\/media?parent=1638"}],"curies":[{"name":"wp","href":"https:\/\/api.w.org\/{rel}","templated":true}]}}