
{"id":3731,"date":"2016-08-19T08:14:57","date_gmt":"2016-08-19T08:14:57","guid":{"rendered":"https:\/\/cizaro.com\/es\/inventory-management-software\/"},"modified":"2019-06-18T07:51:12","modified_gmt":"2019-06-18T12:51:12","slug":"inventory-management-software","status":"publish","type":"page","link":"https:\/\/cizaro.com\/es\/inventory-management-software\/","title":{"rendered":"Software Para Manejo De Inventarios"},"content":{"rendered":"<h2>El sistema m\u00e1s organizado y flexible hace su trabajo r\u00e1pido y sencillo<\/h2>\n<p>Ordenar el almac\u00e9n puede ser un proceso que ahorre tiempo y dinero si usted es libre de organizar el inventario de la manera que desea. As\u00ed es como Cizaro cre\u00f3 el Software Para Manejo de Inventarios: una soluci\u00f3n escalable y flexible para atender sus propias necesidades como propietario de negocio, gerente o miembro del equipo.<\/p>\n<p><\/p>","protected":false},"excerpt":{"rendered":"<p>El sistema m\u00e1s organizado y flexible hace su trabajo r\u00e1pido y sencillo Ordenar el almac\u00e9n puede ser un proceso que ahorre tiempo y dinero si usted es libre de organizar el inventario de la manera que desea. As\u00ed es como Cizaro cre\u00f3 el Software Para Manejo de Inventarios: una soluci\u00f3n escalable y flexible para atender &hellip; <a href=\"https:\/\/cizaro.com\/es\/inventory-management-software\/\" class=\"more-link\">Continue reading <span class=\"screen-reader-text\">Software Para Manejo De Inventarios<\/span> <span class=\"meta-nav\">&rarr;<\/span><\/a><\/p>\n","protected":false},"author":444,"featured_media":0,"parent":0,"menu_order":0,"comment_status":"closed","ping_status":"closed","template":"page-inventory-management-software.php","meta":{"_acf_changed":false,"footnotes":""},"acf":[],"yoast_head":"<!-- This site is optimized with the Yoast SEO plugin v22.9 - https:\/\/yoast.com\/wordpress\/plugins\/seo\/ -->\n<title>Software Para Inventarios | Control De Inventarios | Cizaro<\/title>\n<meta name=\"description\" content=\"Adquiere El Sistema Para Inventarios Que Se Adapta A Tu Negocio. Disfruta De Un Inventario Organizado. Sistema Flexible, F\u00e1cil De Usar. Pruebalo Gratis Hoy!\" \/>\n<meta name=\"robots\" content=\"index, follow, max-snippet:-1, max-image-preview:large, max-video-preview:-1\" \/>\n<link rel=\"canonical\" href=\"https:\/\/cizaro.com\/es\/inventory-management-software\/\" \/>\n<script type=\"application\/ld+json\" class=\"yoast-schema-graph\">{\"@context\":\"https:\/\/schema.org\",\"@graph\":[{\"@type\":\"WebPage\",\"@id\":\"https:\/\/cizaro.com\/es\/inventory-management-software\/\",\"url\":\"https:\/\/cizaro.com\/es\/inventory-management-software\/\",\"name\":\"Software Para Inventarios | Control De Inventarios | Cizaro\",\"isPartOf\":{\"@id\":\"https:\/\/cizaro.com\/#website\"},\"datePublished\":\"2016-08-19T08:14:57+00:00\",\"dateModified\":\"2019-06-18T12:51:12+00:00\",\"description\":\"Adquiere El Sistema Para Inventarios Que Se Adapta A Tu Negocio. Disfruta De Un Inventario Organizado. Sistema Flexible, F\u00e1cil De Usar. Pruebalo Gratis Hoy!\",\"breadcrumb\":{\"@id\":\"https:\/\/cizaro.com\/es\/inventory-management-software\/#breadcrumb\"},\"inLanguage\":\"es-ES\",\"potentialAction\":[{\"@type\":\"ReadAction\",\"target\":[\"https:\/\/cizaro.com\/es\/inventory-management-software\/\"]}]},{\"@type\":\"BreadcrumbList\",\"@id\":\"https:\/\/cizaro.com\/es\/inventory-management-software\/#breadcrumb\",\"itemListElement\":[{\"@type\":\"ListItem\",\"position\":1,\"name\":\"Home\",\"item\":\"https:\/\/cizaro.com\/es\/\"},{\"@type\":\"ListItem\",\"position\":2,\"name\":\"Software Para Manejo De Inventarios\"}]},{\"@type\":\"WebSite\",\"@id\":\"https:\/\/cizaro.com\/#website\",\"url\":\"https:\/\/cizaro.com\/\",\"name\":\"Cizaro Point of Sale Software: POS Software for Retail and Restaurant\",\"description\":\"Cizaro Company home page, professional POS solutions to boost business incomes\",\"potentialAction\":[{\"@type\":\"SearchAction\",\"target\":{\"@type\":\"EntryPoint\",\"urlTemplate\":\"https:\/\/cizaro.com\/?s={search_term_string}\"},\"query-input\":\"required name=search_term_string\"}],\"inLanguage\":\"es-ES\"}]}<\/script>\n<!-- \/ Yoast SEO plugin. -->","yoast_head_json":{"title":"Software Para Inventarios | Control De Inventarios | Cizaro","description":"Adquiere El Sistema Para Inventarios Que Se Adapta A Tu Negocio. Disfruta De Un Inventario Organizado. Sistema Flexible, F\u00e1cil De Usar. Pruebalo Gratis Hoy!","robots":{"index":"index","follow":"follow","max-snippet":"max-snippet:-1","max-image-preview":"max-image-preview:large","max-video-preview":"max-video-preview:-1"},"canonical":"https:\/\/cizaro.com\/es\/inventory-management-software\/","schema":{"@context":"https:\/\/schema.org","@graph":[{"@type":"WebPage","@id":"https:\/\/cizaro.com\/es\/inventory-management-software\/","url":"https:\/\/cizaro.com\/es\/inventory-management-software\/","name":"Software Para Inventarios | Control De Inventarios | Cizaro","isPartOf":{"@id":"https:\/\/cizaro.com\/#website"},"datePublished":"2016-08-19T08:14:57+00:00","dateModified":"2019-06-18T12:51:12+00:00","description":"Adquiere El Sistema Para Inventarios Que Se Adapta A Tu Negocio. Disfruta De Un Inventario Organizado. Sistema Flexible, F\u00e1cil De Usar. Pruebalo Gratis Hoy!","breadcrumb":{"@id":"https:\/\/cizaro.com\/es\/inventory-management-software\/#breadcrumb"},"inLanguage":"es-ES","potentialAction":[{"@type":"ReadAction","target":["https:\/\/cizaro.com\/es\/inventory-management-software\/"]}]},{"@type":"BreadcrumbList","@id":"https:\/\/cizaro.com\/es\/inventory-management-software\/#breadcrumb","itemListElement":[{"@type":"ListItem","position":1,"name":"Home","item":"https:\/\/cizaro.com\/es\/"},{"@type":"ListItem","position":2,"name":"Software Para Manejo De Inventarios"}]},{"@type":"WebSite","@id":"https:\/\/cizaro.com\/#website","url":"https:\/\/cizaro.com\/","name":"Cizaro Point of Sale Software: POS Software for Retail and Restaurant","description":"Cizaro Company home page, professional POS solutions to boost business incomes","potentialAction":[{"@type":"SearchAction","target":{"@type":"EntryPoint","urlTemplate":"https:\/\/cizaro.com\/?s={search_term_string}"},"query-input":"required name=search_term_string"}],"inLanguage":"es-ES"}]}},"_links":{"self":[{"href":"https:\/\/cizaro.com\/es\/wp-json\/wp\/v2\/pages\/3731"}],"collection":[{"href":"https:\/\/cizaro.com\/es\/wp-json\/wp\/v2\/pages"}],"about":[{"href":"https:\/\/cizaro.com\/es\/wp-json\/wp\/v2\/types\/page"}],"author":[{"embeddable":true,"href":"https:\/\/cizaro.com\/es\/wp-json\/wp\/v2\/users\/444"}],"replies":[{"embeddable":true,"href":"https:\/\/cizaro.com\/es\/wp-json\/wp\/v2\/comments?post=3731"}],"version-history":[{"count":0,"href":"https:\/\/cizaro.com\/es\/wp-json\/wp\/v2\/pages\/3731\/revisions"}],"wp:attachment":[{"href":"https:\/\/cizaro.com\/es\/wp-json\/wp\/v2\/media?parent=3731"}],"curies":[{"name":"wp","href":"https:\/\/api.w.org\/{rel}","templated":true}]}}